{"id":206,"date":"2023-03-28T04:35:12","date_gmt":"2023-03-28T04:35:12","guid":{"rendered":"https:\/\/cozystay.loftocean.com\/apartment\/?page_id=206"},"modified":"2025-08-13T11:20:39","modified_gmt":"2025-08-13T11:20:39","slug":"kontakt","status":"publish","type":"page","link":"https:\/\/kuckucksnester.de\/index.php\/kontakt\/","title":{"rendered":"Kontakt"},"content":{"rendered":"\t\t<div data-elementor-type=\"wp-page\" data-elementor-id=\"206\" class=\"elementor elementor-206\">\n\t\t\t\t\t\t<section class=\"elementor-section elementor-top-section elementor-element elementor-element-2977c87c elementor-section-height-min-height cs-section-content-fullwidth cs-parallax-on-scroll cs_scroll_y_80 elementor-section-boxed elementor-section-height-default elementor-section-items-middle\" data-id=\"2977c87c\" data-element_type=\"section\" data-settings=\"{&quot;background_background&quot;:&quot;classic&quot;}\" data-cs-parallax-y=\"80\" style=\"background-image: none;\" data-cs-background-image=\"https:\/\/kuckucksnester.de\/wp-content\/uploads\/2025\/06\/blick-auf-den-hochfirstturm.jpg\" data-cs-background-image-alt-text=\"\">\n\t\t\t\t\t\t\t<div class=\"elementor-background-overlay\"><\/div>\n\t\t\t\t\t\t\t<div class=\"elementor-container elementor-column-gap-no\">\n\t\t\t\t\t<div class=\"elementor-column elementor-col-100 elementor-top-column elementor-element elementor-element-784d8ad dark-color\" data-id=\"784d8ad\" data-element_type=\"column\">\n\t\t\t<div class=\"elementor-widget-wrap elementor-element-populated\">\n\t\t\t\t\t\t<div class=\"elementor-element elementor-element-1a64c3d7 elementor-widget elementor-widget-cs_title\" data-id=\"1a64c3d7\" data-element_type=\"widget\" data-widget_type=\"cs_title.default\">\n\t\t\t\t<div class=\"elementor-widget-container\">\n\t\t\t\t\t\n        <div class=\"cs-title-wrap text-center\">\t            <h1 class=\"cs-title\">\n\t                Kontakt\t            <\/h1>\t            <div class=\"cs-title-text\">\n\t                <p>Die Richtige wahl f\u00fcr einen Erholsamen Urlaub f\u00fcr Familien mit Kindern oder eine Gruppe von Freunden.<\/p>\t            <\/div>        <\/div>\t\t\t\t<\/div>\n\t\t\t\t<\/div>\n\t\t\t\t\t<\/div>\n\t\t<\/div>\n\t\t\t\t\t<\/div>\n\t\t<\/section>\n\t\t\t\t<section class=\"elementor-section elementor-top-section elementor-element elementor-element-ea82f95 elementor-section-content-middle cs-section-content-fullwidth cs-animation-small-offset elementor-reverse-tablet elementor-reverse-mobile elementor-section-boxed elementor-section-height-default elementor-section-height-default elementor-invisible\" data-id=\"ea82f95\" data-element_type=\"section\" data-settings=\"{&quot;background_background&quot;:&quot;classic&quot;,&quot;animation&quot;:&quot;fadeInUp&quot;,&quot;animation_delay&quot;:&quot;300&quot;}\">\n\t\t\t\t\t\t<div class=\"elementor-container elementor-column-gap-no\">\n\t\t\t\t\t<div class=\"elementor-column elementor-col-100 elementor-top-column elementor-element elementor-element-7032069\" data-id=\"7032069\" data-element_type=\"column\" data-settings=\"{&quot;background_background&quot;:&quot;classic&quot;}\">\n\t\t\t<div class=\"elementor-widget-wrap elementor-element-populated\">\n\t\t\t\t\t\t<div class=\"elementor-element elementor-element-be2bdf3 elementor-widget elementor-widget-cs_title\" data-id=\"be2bdf3\" data-element_type=\"widget\" data-widget_type=\"cs_title.default\">\n\t\t\t\t<div class=\"elementor-widget-container\">\n\t\t\t\t\t\n        <div class=\"cs-title-wrap text-center\">\t            <div class=\"cs-subtitle-wrap\"><span class=\"cs-subtitle\">Stelle jetzt f\u00fcr dein Kuckucksnest eine<\/span><\/div>\t            <h6 class=\"cs-title\">\n\t                Buchungsanfrage\t            <\/h6>        <\/div>\t\t\t\t<\/div>\n\t\t\t\t<\/div>\n\t\t\t\t<div class=\"elementor-element elementor-element-7625b91 elementor-widget elementor-widget-cs_form_cf7\" data-id=\"7625b91\" data-element_type=\"widget\" data-widget_type=\"cs_form_cf7.default\">\n\t\t\t\t<div class=\"elementor-widget-container\">\n\t\t\t\t\t            <div class=\"cs-form-cf7 placeholder-normal\">\n                <div class=\"cs-form-cf7-wrap\">\n<div class=\"wpcf7 no-js\" id=\"wpcf7-f1722-o1\" lang=\"en-US\" dir=\"ltr\" data-wpcf7-id=\"1722\">\n<div class=\"screen-reader-response\"><p role=\"status\" aria-live=\"polite\" aria-atomic=\"true\"><\/p> <ul><\/ul><\/div>\n<form action=\"\/index.php\/wp-json\/wp\/v2\/pages\/206#wpcf7-f1722-o1\" method=\"post\" class=\"wpcf7-form init\" aria-label=\"Contact form\" novalidate=\"novalidate\" data-status=\"init\">\n<fieldset class=\"hidden-fields-container\"><input type=\"hidden\" name=\"_wpcf7\" value=\"1722\" \/><input type=\"hidden\" name=\"_wpcf7_version\" value=\"6.1.4\" \/><input type=\"hidden\" name=\"_wpcf7_locale\" value=\"en_US\" \/><input type=\"hidden\" name=\"_wpcf7_unit_tag\" value=\"wpcf7-f1722-o1\" \/><input type=\"hidden\" name=\"_wpcf7_container_post\" value=\"0\" \/><input type=\"hidden\" name=\"_wpcf7_posted_data_hash\" value=\"\" \/>\n<\/fieldset>\n<p><span class=\"wpcf7-form-control-wrap\" data-name=\"text-618\"><input size=\"40\" maxlength=\"100\" minlength=\"1\" class=\"wpcf7-form-control wpcf7-text wpcf7-validates-as-required\" aria-required=\"true\" aria-invalid=\"false\" placeholder=\"Anrede\" value=\"\" type=\"text\" name=\"text-618\" \/><\/span>\n<\/p>\n<p><span id=\"wpcf7-69f2d01e889c7-wrapper\" class=\"wpcf7-form-control-wrap firstname-wrap\" ><input type=\"hidden\" name=\"firstname-time-start\" value=\"1777520670\"><input type=\"hidden\" name=\"firstname-time-check\" value=\"4\"><label for=\"wpcf7-69f2d01e889c7-field\" class=\"hp-message\">Please leave this field empty.<\/label><input id=\"wpcf7-69f2d01e889c7-field\"  class=\"wpcf7-form-control wpcf7-text\" type=\"text\" name=\"firstname\" value=\"\" size=\"40\" tabindex=\"-1\" autocomplete=\"new-password\" \/><\/span>\n<\/p>\n<p><label><span class=\"wpcf7-form-control-wrap\" data-name=\"your-name\"><input size=\"40\" maxlength=\"400\" class=\"wpcf7-form-control wpcf7-text wpcf7-validates-as-required\" autocomplete=\"name\" aria-required=\"true\" aria-invalid=\"false\" placeholder=\"Vorname - Nachname\" value=\"\" type=\"text\" name=\"your-name\" \/><\/span> <\/label>\n<\/p>\n<p><label><span class=\"wpcf7-form-control-wrap\" data-name=\"your-email\"><input size=\"40\" maxlength=\"400\" class=\"wpcf7-form-control wpcf7-email wpcf7-validates-as-required wpcf7-text wpcf7-validates-as-email\" autocomplete=\"email\" aria-required=\"true\" aria-invalid=\"false\" placeholder=\"Deine E-Mail Adresse\" value=\"\" type=\"email\" name=\"your-email\" \/><\/span> <\/label>\n<\/p>\n<p><label><span class=\"wpcf7-form-control-wrap\" data-name=\"tel-255\"><input size=\"40\" maxlength=\"400\" class=\"wpcf7-form-control wpcf7-tel wpcf7-text wpcf7-validates-as-tel\" aria-invalid=\"false\" placeholder=\"Deine Telefonnummer\" value=\"\" type=\"tel\" name=\"tel-255\" \/><\/span> <\/label>\n<\/p>\n<p><span class=\"wpcf7-form-control-wrap\" data-name=\"select-205\"><select class=\"wpcf7-form-control wpcf7-select\" aria-invalid=\"false\" name=\"select-205\"><option value=\"Allgemeine Anfrage\">Allgemeine Anfrage<\/option><option value=\"Titisee\">Titisee<\/option><option value=\"Titisee-Neustadt\">Titisee-Neustadt<\/option><option value=\"Black Forest Apartments\">Black Forest Apartments<\/option><option value=\"Windeck\">Windeck<\/option><option value=\"Simonswinkel\">Simonswinkel<\/option><option value=\"Friedenweiler\">Friedenweiler<\/option><option value=\"R\u00f6tenbach\">R\u00f6tenbach<\/option><option value=\"Hinterzarten\">Hinterzarten<\/option><\/select><\/span>\n<\/p>\n<p><span class=\"wpcf7-form-control-wrap\" data-name=\"text-799\"><input size=\"40\" maxlength=\"1000\" minlength=\"1\" class=\"wpcf7-form-control wpcf7-text\" aria-invalid=\"false\" placeholder=\"Datum der Anreise\" value=\"\" type=\"text\" name=\"text-799\" \/><\/span>\n<\/p>\n<p><span class=\"wpcf7-form-control-wrap\" data-name=\"text-780\"><input size=\"40\" maxlength=\"1000\" minlength=\"1\" class=\"wpcf7-form-control wpcf7-text\" aria-invalid=\"false\" placeholder=\"Datum der Abreise\" value=\"\" type=\"text\" name=\"text-780\" \/><\/span>\n<\/p>\n<p><span class=\"wpcf7-form-control-wrap\" data-name=\"anzahlerwachsene\"><input size=\"40\" maxlength=\"500\" class=\"wpcf7-form-control wpcf7-text\" aria-invalid=\"false\" placeholder=\"Anzahl der Personen \u00fcber 18\" value=\"\" type=\"text\" name=\"anzahlerwachsene\" \/><\/span><br \/>\n<span class=\"wpcf7-form-control-wrap\" data-name=\"nameundgeburtsdatumerwachsene\"><textarea cols=\"40\" rows=\"10\" maxlength=\"10000\" class=\"wpcf7-form-control wpcf7-textarea\" aria-invalid=\"false\" name=\"nameundgeburtsdatumerwachsene\">Name und Geburtsdaten der Erwachsenen<\/textarea><\/span>\n<\/p>\n<p><span class=\"wpcf7-form-control-wrap\" data-name=\"anzahlkinder\"><input size=\"40\" maxlength=\"500\" class=\"wpcf7-form-control wpcf7-text\" aria-invalid=\"false\" placeholder=\"Anzahl der Personen unter 18\" value=\"\" type=\"text\" name=\"anzahlkinder\" \/><\/span><br \/>\n<span class=\"wpcf7-form-control-wrap\" data-name=\"nameundgeburtsdatumkinder\"><textarea cols=\"40\" rows=\"10\" maxlength=\"10000\" class=\"wpcf7-form-control wpcf7-textarea\" aria-invalid=\"false\" name=\"nameundgeburtsdatumkinder\">Name und Geburtsdaten der Kinder<\/textarea><\/span>\n<\/p>\n<p><label><span class=\"wpcf7-form-control-wrap\" data-name=\"your-message\"><textarea cols=\"40\" rows=\"10\" maxlength=\"2000\" class=\"wpcf7-form-control wpcf7-textarea\" aria-invalid=\"false\" placeholder=\"Deine Nachricht\" name=\"your-message\"><\/textarea><\/span> <\/label><br \/>\n<span id=\"wpcf7-69f2d01e88cc2-wrapper\" class=\"wpcf7-form-control-wrap lastname-wrap\" ><input type=\"hidden\" name=\"lastname-time-start\" value=\"1777520670\"><input type=\"hidden\" name=\"lastname-time-check\" value=\"4\"><label for=\"wpcf7-69f2d01e88cc2-field\" class=\"hp-message\">Please leave this field empty.<\/label><input id=\"wpcf7-69f2d01e88cc2-field\"  class=\"wpcf7-form-control wpcf7-text\" type=\"text\" name=\"lastname\" value=\"\" size=\"40\" tabindex=\"-1\" autocomplete=\"new-password\" \/><\/span><br \/>\n<input class=\"wpcf7-form-control wpcf7-submit has-spinner\" type=\"submit\" value=\"Nachricht absenden\" \/>\n<\/p><div class=\"wpcf7-response-output\" aria-hidden=\"true\"><\/div>\n<\/form>\n<\/div>\n<\/div>\n            <\/div>\t\t\t\t<\/div>\n\t\t\t\t<\/div>\n\t\t\t\t\t<\/div>\n\t\t<\/div>\n\t\t\t\t\t<\/div>\n\t\t<\/section>\n\t\t\t\t<\/div>\n\t\t","protected":false},"excerpt":{"rendered":"<p>Kontakt Die Richtige wahl f\u00fcr einen Erholsamen Urlaub f\u00fcr Familien mit Kindern oder eine Gruppe von Freunden. Stelle jetzt f\u00fcr dein Kuckucksnest eine Buchungsanfrage Please leave this field empty. Allgemeine AnfrageTitiseeTitisee-NeustadtBlack Forest ApartmentsWindeckSimonswinkelFriedenweilerR\u00f6tenbachHinterzarten Name und Geburtsdaten der Erwachsenen Name und Geburtsdaten der Kinder Please leave this field empty.<\/p>\n","protected":false},"author":1,"featured_media":0,"parent":0,"menu_order":0,"comment_status":"closed","ping_status":"closed","template":"template-wide-content.php","meta":{"_monsterinsights_skip_tracking":false,"_monsterinsights_sitenote_active":false,"_monsterinsights_sitenote_note":"","_monsterinsights_sitenote_category":0,"cozystay_single_page_hide_site_header":"","cozystay_single_page_site_header_source":"","cozystay_single_page_custom_site_header":"0","cozystay_single_page_custom_sticky_site_header":"0","cozystay_single_page_hide_page_title":"on","cozystay_single_page_header_section_size":"","cozystay_single_page_header_background_color":"","cozystay_single_page_header_background_position_x":"center","cozystay_single_page_header_background_position_y":"center","cozystay_single_page_header_background_size":"cover","cozystay_single_page_header_background_repeat":"off","cozystay_single_page_header_background_scroll":"on","cozystay_single_page_header_text_color":"","cozystay_single_page_header_show_breadcrumb":"","cozystay_single_page_site_footer_hide_main":"","cozystay_single_custom_site_footer_main_source":"","cozystay_single_custom_site_footer_main":"0","cozystay_single_page_site_footer_hide_above":"","cozystay_single_custom_site_footer_above_source":"","cozystay_single_custom_site_footer_above":"0","cozystay_single_page_site_footer_hide_instagram":"","cozystay_single_page_site_footer_hide_bottom":"","cozystay_single_custom_mobile_menu_source":"","cozystay_single_custom_mobile_menu":"0","cozystay_single_custom_mobile_menu_animation":"","cozystay_single_custom_mobile_menu_width":"","cozystay_single_custom_mobile_menu_custom_width":375,"footnotes":""},"class_list":["post-206","page","type-page","status-publish","hentry"],"yoast_head":"<!-- This site is optimized with the Yoast SEO plugin v26.6 - https:\/\/yoast.com\/wordpress\/plugins\/seo\/ -->\n<title>Kontakt - Kuckucksnester<\/title>\n<meta name=\"description\" content=\"Kuckucksnester\" \/>\n<meta name=\"robots\" content=\"index, follow, max-snippet:-1, max-image-preview:large, max-video-preview:-1\" \/>\n<link rel=\"canonical\" href=\"https:\/\/kuckucksnester.de\/index.php\/kontakt\/\" \/>\n<meta property=\"og:locale\" content=\"de_DE\" \/>\n<meta property=\"og:type\" content=\"article\" \/>\n<meta property=\"og:title\" content=\"Kontakt - Kuckucksnester\" \/>\n<meta property=\"og:description\" content=\"Kuckucksnester\" \/>\n<meta property=\"og:url\" content=\"https:\/\/kuckucksnester.de\/index.php\/kontakt\/\" \/>\n<meta property=\"og:site_name\" content=\"Kuckucksnester\" \/>\n<meta property=\"article:modified_time\" content=\"2025-08-13T11:20:39+00:00\" \/>\n<meta name=\"twitter:card\" content=\"summary_large_image\" \/>\n<meta name=\"twitter:label1\" content=\"Gesch\u00e4tzte Lesezeit\" \/>\n\t<meta name=\"twitter:data1\" content=\"1\u00a0Minute\" \/>\n<script type=\"application\/ld+json\" class=\"yoast-schema-graph\">{\"@context\":\"https:\/\/schema.org\",\"@graph\":[{\"@type\":\"WebPage\",\"@id\":\"https:\/\/kuckucksnester.de\/index.php\/kontakt\/\",\"url\":\"https:\/\/kuckucksnester.de\/index.php\/kontakt\/\",\"name\":\"Kontakt - Kuckucksnester\",\"isPartOf\":{\"@id\":\"https:\/\/kuckucksnester.de\/#website\"},\"datePublished\":\"2023-03-28T04:35:12+00:00\",\"dateModified\":\"2025-08-13T11:20:39+00:00\",\"description\":\"Kuckucksnester\",\"breadcrumb\":{\"@id\":\"https:\/\/kuckucksnester.de\/index.php\/kontakt\/#breadcrumb\"},\"inLanguage\":\"de\",\"potentialAction\":[{\"@type\":\"ReadAction\",\"target\":[\"https:\/\/kuckucksnester.de\/index.php\/kontakt\/\"]}]},{\"@type\":\"BreadcrumbList\",\"@id\":\"https:\/\/kuckucksnester.de\/index.php\/kontakt\/#breadcrumb\",\"itemListElement\":[{\"@type\":\"ListItem\",\"position\":1,\"name\":\"Willkommen\",\"item\":\"https:\/\/kuckucksnester.de\/\"},{\"@type\":\"ListItem\",\"position\":2,\"name\":\"Kontakt\"}]},{\"@type\":\"WebSite\",\"@id\":\"https:\/\/kuckucksnester.de\/#website\",\"url\":\"https:\/\/kuckucksnester.de\/\",\"name\":\"Kuckucksnester\",\"description\":\"\",\"publisher\":{\"@id\":\"https:\/\/kuckucksnester.de\/#organization\"},\"alternateName\":\"Kuckucksnester\",\"potentialAction\":[{\"@type\":\"SearchAction\",\"target\":{\"@type\":\"EntryPoint\",\"urlTemplate\":\"https:\/\/kuckucksnester.de\/?s={search_term_string}\"},\"query-input\":{\"@type\":\"PropertyValueSpecification\",\"valueRequired\":true,\"valueName\":\"search_term_string\"}}],\"inLanguage\":\"de\"},{\"@type\":\"Organization\",\"@id\":\"https:\/\/kuckucksnester.de\/#organization\",\"name\":\"Kuckucksnester\",\"alternateName\":\"Kuckucksnester\",\"url\":\"https:\/\/kuckucksnester.de\/\",\"logo\":{\"@type\":\"ImageObject\",\"inLanguage\":\"de\",\"@id\":\"https:\/\/kuckucksnester.de\/#\/schema\/logo\/image\/\",\"url\":\"https:\/\/kuckucksnester.de\/wp-content\/uploads\/2025\/06\/cropped-logo-kuckuck.png\",\"contentUrl\":\"https:\/\/kuckucksnester.de\/wp-content\/uploads\/2025\/06\/cropped-logo-kuckuck.png\",\"width\":145,\"height\":145,\"caption\":\"Kuckucksnester\"},\"image\":{\"@id\":\"https:\/\/kuckucksnester.de\/#\/schema\/logo\/image\/\"}}]}<\/script>\n<!-- \/ Yoast SEO plugin. -->","yoast_head_json":{"title":"Kontakt - Kuckucksnester","description":"Kuckucksnester","robots":{"index":"index","follow":"follow","max-snippet":"max-snippet:-1","max-image-preview":"max-image-preview:large","max-video-preview":"max-video-preview:-1"},"canonical":"https:\/\/kuckucksnester.de\/index.php\/kontakt\/","og_locale":"de_DE","og_type":"article","og_title":"Kontakt - Kuckucksnester","og_description":"Kuckucksnester","og_url":"https:\/\/kuckucksnester.de\/index.php\/kontakt\/","og_site_name":"Kuckucksnester","article_modified_time":"2025-08-13T11:20:39+00:00","twitter_card":"summary_large_image","twitter_misc":{"Gesch\u00e4tzte Lesezeit":"1\u00a0Minute"},"schema":{"@context":"https:\/\/schema.org","@graph":[{"@type":"WebPage","@id":"https:\/\/kuckucksnester.de\/index.php\/kontakt\/","url":"https:\/\/kuckucksnester.de\/index.php\/kontakt\/","name":"Kontakt - Kuckucksnester","isPartOf":{"@id":"https:\/\/kuckucksnester.de\/#website"},"datePublished":"2023-03-28T04:35:12+00:00","dateModified":"2025-08-13T11:20:39+00:00","description":"Kuckucksnester","breadcrumb":{"@id":"https:\/\/kuckucksnester.de\/index.php\/kontakt\/#breadcrumb"},"inLanguage":"de","potentialAction":[{"@type":"ReadAction","target":["https:\/\/kuckucksnester.de\/index.php\/kontakt\/"]}]},{"@type":"BreadcrumbList","@id":"https:\/\/kuckucksnester.de\/index.php\/kontakt\/#breadcrumb","itemListElement":[{"@type":"ListItem","position":1,"name":"Willkommen","item":"https:\/\/kuckucksnester.de\/"},{"@type":"ListItem","position":2,"name":"Kontakt"}]},{"@type":"WebSite","@id":"https:\/\/kuckucksnester.de\/#website","url":"https:\/\/kuckucksnester.de\/","name":"Kuckucksnester","description":"","publisher":{"@id":"https:\/\/kuckucksnester.de\/#organization"},"alternateName":"Kuckucksnester","potentialAction":[{"@type":"SearchAction","target":{"@type":"EntryPoint","urlTemplate":"https:\/\/kuckucksnester.de\/?s={search_term_string}"},"query-input":{"@type":"PropertyValueSpecification","valueRequired":true,"valueName":"search_term_string"}}],"inLanguage":"de"},{"@type":"Organization","@id":"https:\/\/kuckucksnester.de\/#organization","name":"Kuckucksnester","alternateName":"Kuckucksnester","url":"https:\/\/kuckucksnester.de\/","logo":{"@type":"ImageObject","inLanguage":"de","@id":"https:\/\/kuckucksnester.de\/#\/schema\/logo\/image\/","url":"https:\/\/kuckucksnester.de\/wp-content\/uploads\/2025\/06\/cropped-logo-kuckuck.png","contentUrl":"https:\/\/kuckucksnester.de\/wp-content\/uploads\/2025\/06\/cropped-logo-kuckuck.png","width":145,"height":145,"caption":"Kuckucksnester"},"image":{"@id":"https:\/\/kuckucksnester.de\/#\/schema\/logo\/image\/"}}]}},"_links":{"self":[{"href":"https:\/\/kuckucksnester.de\/index.php\/wp-json\/wp\/v2\/pages\/206","targetHints":{"allow":["GET"]}}],"collection":[{"href":"https:\/\/kuckucksnester.de\/index.php\/wp-json\/wp\/v2\/pages"}],"about":[{"href":"https:\/\/kuckucksnester.de\/index.php\/wp-json\/wp\/v2\/types\/page"}],"author":[{"embeddable":true,"href":"https:\/\/kuckucksnester.de\/index.php\/wp-json\/wp\/v2\/users\/1"}],"replies":[{"embeddable":true,"href":"https:\/\/kuckucksnester.de\/index.php\/wp-json\/wp\/v2\/comments?post=206"}],"version-history":[{"count":20,"href":"https:\/\/kuckucksnester.de\/index.php\/wp-json\/wp\/v2\/pages\/206\/revisions"}],"predecessor-version":[{"id":2348,"href":"https:\/\/kuckucksnester.de\/index.php\/wp-json\/wp\/v2\/pages\/206\/revisions\/2348"}],"wp:attachment":[{"href":"https:\/\/kuckucksnester.de\/index.php\/wp-json\/wp\/v2\/media?parent=206"}],"curies":[{"name":"wp","href":"https:\/\/api.w.org\/{rel}","templated":true}]}}