{"id":227,"date":"2023-03-28T04:37:18","date_gmt":"2023-03-28T04:37:18","guid":{"rendered":"https:\/\/cozystay.loftocean.com\/apartment\/?page_id=227"},"modified":"2025-06-29T10:55:53","modified_gmt":"2025-06-29T10:55:53","slug":"barriere","status":"publish","type":"page","link":"https:\/\/kuckucksnester.de\/index.php\/barriere\/","title":{"rendered":"Barrierefreiheitserkl\u00e4rung"},"content":{"rendered":"\t\t<div data-elementor-type=\"wp-page\" data-elementor-id=\"227\" class=\"elementor elementor-227\">\n\t\t\t\t\t\t<section class=\"elementor-section elementor-top-section elementor-element elementor-element-2565b08f elementor-section-content-middle elementor-section-boxed elementor-section-height-default elementor-section-height-default\" data-id=\"2565b08f\" data-element_type=\"section\" data-settings=\"{&quot;background_background&quot;:&quot;classic&quot;}\">\n\t\t\t\t\t\t<div class=\"elementor-container elementor-column-gap-no\">\n\t\t\t\t\t<div class=\"elementor-column elementor-col-100 elementor-top-column elementor-element elementor-element-bd37ea5\" data-id=\"bd37ea5\" data-element_type=\"column\">\n\t\t\t<div class=\"elementor-widget-wrap\">\n\t\t\t\t\t\t\t<\/div>\n\t\t<\/div>\n\t\t\t\t\t<\/div>\n\t\t<\/section>\n\t\t\t\t<section class=\"elementor-section elementor-top-section elementor-element elementor-element-5e67440 cs-animation-small-offset elementor-section-boxed elementor-section-height-default elementor-section-height-default elementor-invisible\" data-id=\"5e67440\" data-element_type=\"section\" id=\"the-menus\" data-settings=\"{&quot;animation&quot;:&quot;fadeInUp&quot;,&quot;animation_delay&quot;:150}\">\n\t\t\t\t\t\t<div class=\"elementor-container elementor-column-gap-no\">\n\t\t\t\t\t<div class=\"elementor-column elementor-col-100 elementor-top-column elementor-element elementor-element-fc71c1a\" data-id=\"fc71c1a\" data-element_type=\"column\">\n\t\t\t<div class=\"elementor-widget-wrap elementor-element-populated\">\n\t\t\t\t\t\t<div class=\"elementor-element elementor-element-4c3c7e0 elementor-widget elementor-widget-cs_title\" data-id=\"4c3c7e0\" data-element_type=\"widget\" data-widget_type=\"cs_title.default\">\n\t\t\t\t<div class=\"elementor-widget-container\">\n\t\t\t\t\t\n        <div class=\"cs-title-wrap text-center\">\t            <div class=\"cs-subtitle-wrap\"><span class=\"cs-subtitle\">Barrierefreiheitserkl\u00e4rung<\/span><\/div>\t            <h4 class=\"cs-title\">\n\t                Barrierefreiheitserkl\u00e4rung\t            <\/h4>\t            <div class=\"cs-title-text\">\n\t                <section data-element_type=\"section\" data-id=\"4cf02d2\">\n<div data-element_type=\"column\" data-id=\"431d598\">\n<p>Name und Anschrift des Unternehmens:<br><span lang=\"DE-DE\" xml:lang=\"DE-DE\" data-contrast=\"auto\"><span>Ferienwohnung Hochschwarzwald Betriebs (FHB) GmbH<\/span><\/span><span data-ccp-props=\"{}\">&nbsp;<\/span><br>Freiburgerstra\u00dfe 17<br>79856 Hinterzarten<\/p>\n<p>Domain: www.kuckucksnester.de<br>Telefon: +4976155775000<br>E-Mail: info@kuckucksnester.de<\/p>\n<\/div>\n<\/section>\n<section data-element_type=\"section\" data-id=\"df2ead2\">\n<div data-element_type=\"column\" data-id=\"45dea72\">\n<div data-element_type=\"widget\" data-id=\"f93f38c\" data-widget_type=\"text-editor.default\">&nbsp;<\/div>\n<\/div>\n<\/section>\n<section data-element_type=\"section\" data-id=\"04f22c5\">\n<div data-element_type=\"column\" data-id=\"53e98f9\">\n<div data-element_type=\"widget\" data-id=\"c615652\" data-widget_type=\"heading.default\">\n<h3>Einleitung<\/h3>\n<\/div>\n<\/div>\n<\/section>\n<section data-element_type=\"section\" data-id=\"423fd9d\">\n<div data-element_type=\"column\" data-id=\"62d9def\">\n<div data-element_type=\"widget\" data-id=\"0459244\" data-widget_type=\"text-editor.default\">\n<p>Die Ferienwohnung Hochschwarzwald Betriebs (FHB) GmbH&nbsp;ist bestrebt, ihre Website www.kuckucksnester.de in \u00dcbereinstimmung mit dem Barrierefreiheitsst\u00e4rkungsgesetz (BFSG) barrierefrei zug\u00e4nglich zu machen. Diese Erkl\u00e4rung zur Barrierefreiheit gilt f\u00fcr die Website www.kuckucksnester.de.<\/p>\n<\/div>\n<\/div>\n<\/section>\n<section data-element_type=\"section\" data-id=\"085641c\">\n<div data-element_type=\"column\" data-id=\"8cb0c48\">\n<div data-element_type=\"widget\" data-id=\"444b3f8\" data-widget_type=\"heading.default\">\n<h3>Stand der Vereinbarkeit mit den Anforderungen<\/h3>\n<\/div>\n<\/div>\n<\/section>\n<section data-element_type=\"section\" data-id=\"dda05bd\">\n<div data-element_type=\"column\" data-id=\"4e81e57\">\n<div data-element_type=\"widget\" data-id=\"81f1f42\" data-widget_type=\"text-editor.default\">\n<p data-start=\"298\" data-end=\"571\"><strong>Unsere Website befindet sich derzeit im Rahmen eines umfassenden Relaunchs in<br>der \u00dcberarbeitung. Ziel ist es, die Barrierefreiheit m\u00f6glichst vollst\u00e4ndig umzusetzen.<\/strong><\/p>\n<p data-start=\"573\" data-end=\"815\">Bitte beachten Sie, dass w\u00e4hrend dieser Umstellungsphase noch nicht alle Inhalte und Funktionen den geltenden Barrierefreiheitsstandards entsprechen. Wir arbeiten kontinuierlich daran, bestehende Barrieren zu identifizieren und zu beseitigen.<\/p>\n<p>Die Website www.stuub.de ist aufgrund der folgenden Unvereinbarkeiten und Ausnahmen teilweise mit dem Barrierefreiheitsst\u00e4rkungsgesetz (BFSG) vereinbar.<\/p>\n<p><strong><em>Nicht barrierefreie Inhalte<\/em><\/strong><\/p>\n<p>Die nachstehend aufgef\u00fchrten Inhalte sind aus den folgenden Gr\u00fcnden nicht barrierefrei:<\/p>\n<ul type=\"disc\">\n<li><strong data-start=\"542\" data-end=\"574\">PDF-Dokumente und Brosch\u00fcren<\/strong><br data-start=\"574\" data-end=\"577\">Einige zum Download bereitgestellte PDF-Dateien (z.\u202fB. Speisekarten, Preislisten, Veranstaltungsinformationen) sind nicht barrierefrei aufbereitet und k\u00f6nnen von Screenreadern nicht oder nur eingeschr\u00e4nkt erfasst werden.<\/li>\n<li><strong data-start=\"805\" data-end=\"838\">Buchungssysteme und Formulare<\/strong><br data-start=\"838\" data-end=\"841\">Das integrierte Buchungssystem sowie Kontakt- und Anfrageformulare sind teilweise nicht vollst\u00e4ndig mit der Tastatur bedienbar oder f\u00fcr Screenreader optimiert. Fehlermeldungen und Feldbeschriftungen sind unter Umst\u00e4nden nicht korrekt zugeordnet.<\/li>\n<li><strong data-start=\"1094\" data-end=\"1124\">Alternativtexte f\u00fcr Bilder<\/strong><br data-start=\"1124\" data-end=\"1127\">Nicht alle Bilder, insbesondere dekorative Elemente, Slider-Grafiken und Galeriebilder, verf\u00fcgen derzeit \u00fcber aussagekr\u00e4ftige oder korrekte Alternativtexte.<\/li>\n<li><strong data-start=\"1496\" data-end=\"1527\">Kontraste und Schriftgr\u00f6\u00dfen<\/strong><br data-start=\"1527\" data-end=\"1530\">Einige Textelemente und Bedienelemente weisen unzureichende Farbkontraste auf oder lassen sich nicht ausreichend skalieren, was die Lesbarkeit f\u00fcr sehbehinderte Nutzer*innen einschr\u00e4nken kann.<\/li>\n<li><strong data-start=\"1730\" data-end=\"1757\">Navigation und Struktur<\/strong><br data-start=\"1757\" data-end=\"1760\">Die Seitenstruktur ist in Teilen nicht einheitlich oder nicht korrekt mit \u00dcberschriftenhierarchien (z.\u202fB. H1\u2013H4) ausgezeichnet, was die Orientierung mit Screenreadern erschwert.<\/li>\n<li><strong data-start=\"1945\" data-end=\"1982\">Sprunglinks und Fokusmarkierungen<\/strong><br data-start=\"1982\" data-end=\"1985\">Es fehlen teilweise Sprunglinks (z.\u202fB. \u201eZum Hauptinhalt springen\u201c) und sichtbare Fokusmarkierungen bei der Tastaturbedienung.<\/li>\n<li><strong data-start=\"2118\" data-end=\"2152\">Dynamische Inhalte und Pop-ups<\/strong><br data-start=\"2152\" data-end=\"2155\">Inhalte, die dynamisch nachgeladen werden (z.\u202fB. Kalender, Angebote, Filterfunktionen), sind nicht immer korrekt f\u00fcr assistive Technologien ausgezeichnet und k\u00f6nnen daher unzug\u00e4nglich sein.<\/li>\n<li><strong data-start=\"2352\" data-end=\"2374\">Sprachauszeichnung<\/strong><br data-start=\"2374\" data-end=\"2377\">Fremdsprachige Textabschnitte (z.\u202fB. Hotelnamen, Men\u00fcbezeichnungen) sind nicht durchg\u00e4ngig mit der entsprechenden Sprachauszeichnung versehen.<\/li>\n<li><strong data-start=\"2528\" data-end=\"2556\">Bedienelemente und Icons<\/strong><br data-start=\"2556\" data-end=\"2559\">Einige Icons (z.\u202fB. Social-Media-Symbole, Men\u00fc-Icons) sind nicht ausreichend beschriftet oder nur grafisch dargestellt, was eine Nutzung mit Screenreadern erschwert.<\/li>\n<li><strong data-start=\"2733\" data-end=\"2763\">Ladezeiten und Animationen<\/strong><br data-start=\"2763\" data-end=\"2766\">Animierte Inhalte (z.\u202fB. Slider, Parallax-Elemente) lassen sich nicht pausieren oder abschalten. Ladezeiten und fehlende Ladeanzeigen k\u00f6nnen zu Orientierungslosigkeit f\u00fchren.<\/li>\n<\/ul>\n<p><strong><em>Barrieren aufgrund wirtschaftlicher Unzumutbarkeit<\/em><\/strong><\/p>\n<p>Einige Barrieren auf unserer Website k\u00f6nnen aus Gr\u00fcnden der wirtschaftlichen Zumutbarkeit nicht kurzfristig behoben werden. Dazu geh\u00f6ren:<\/p>\n<ul type=\"disc\">\n<li>Bestimmte Anwendungen und Funktionen auf unserer Website erfordern erhebliche finanzielle und personelle Ressourcen, um sie vollst\u00e4ndig barrierefrei zu gestalten. Wir pr\u00fcfen kontinuierlich M\u00f6glichkeiten zur Verbesserung, k\u00f6nnen jedoch aufgrund der hohen Kosten nicht alle Barrieren sofort beseitigen.<\/li>\n<\/ul>\n<p>Historische Inhalte: \u00c4ltere Inhalte, die vor dem Inkrafttreten der aktuellen Barrierefreiheitsrichtlinien erstellt wurden, sind m\u00f6glicherweise nicht vollst\u00e4ndig barrierefrei. Eine nachtr\u00e4gliche Anpassung dieser Inhalte w\u00fcrde unverh\u00e4ltnism\u00e4\u00dfig hohe Aufwendungen erfordern. Neue Inhalte werden jedoch nach den aktuellen Standards erstellt.<\/p>\n<\/div>\n<\/div>\n<\/section>\n<section data-element_type=\"section\" data-id=\"c0215e3\">\n<div data-element_type=\"column\" data-id=\"96c714c\">\n<div data-element_type=\"widget\" data-id=\"9af68b9\" data-widget_type=\"heading.default\">\n<h3>Barrieren melden, Feedback &amp; Kontaktangaben<\/h3>\n<p>Sind Ihnen Barrieren beim Zugang zu Inhalten auf www.stuub.de aufgefallen? Dann k\u00f6nnen Sie sich gerne bei uns melden. Wir freuen uns auf Ihr Feedback und bem\u00fchen uns, die gemeldeten Barrieren in Rahmen der technischen und wirtschaftlichen M\u00f6glichkeiten schnellstm\u00f6glich zu beheben. Bitte teilen Sie uns mit, auf welche Seite und bei welcher Funktion Sie auf Barrieren gesto\u00dfen sind. Kopieren Sie hierf\u00fcr einfach den Link aus der Adresszeile Ihres Browsers. Sie k\u00f6nnen uns \u00fcber folgende Wege Barrieren melden:<\/p>\n<ul type=\"disc\">\n<li style=\"list-style-type: none;\">\n<ul type=\"disc\">\n<li>E-Mail: info@kuckucksnester.de<\/li>\n<li>Telefon: +4976155775000<\/li>\n<li>Postanschrift: Stichwort Barrieren melden,<\/li>\n<\/ul>\n<\/li>\n<\/ul>\n<section>\n<div>Ferienwohnung Hochschwarzwald Betriebs (FHB) GmbH<br>Freiburger Stra\u00dfe 17<br>79856 Hinterzarten<\/div>\n<\/section>\n<\/div>\n<\/div>\n<\/section>\n<section data-element_type=\"section\" data-id=\"8c31af0\">\n<div data-element_type=\"column\" data-id=\"ff93ef4\">\n<div data-element_type=\"widget\" data-id=\"6104888\" data-widget_type=\"text-editor.default\">&nbsp;<\/div>\n<\/div>\n<\/section>\n<section data-element_type=\"section\" data-id=\"29643e2\">\n<div data-element_type=\"column\" data-id=\"a2e74d3\">\n<div data-element_type=\"widget\" data-id=\"fe06bee\" data-widget_type=\"heading.default\">\n<h3>Durchsetzungsverfahren<\/h3>\n<\/div>\n<\/div>\n<\/section>\n<section data-element_type=\"section\" data-id=\"c862eec\">\n<div data-element_type=\"column\" data-id=\"1d98634\">\n<p>Um zu gew\u00e4hrleisten, dass diese Internetseite den in&nbsp;<a title=\"Paragraf 10 Absatz 1 des Landes-Behindertengleichstellungsgesetzes\" href=\"http:\/\/www.landesrecht-bw.de\/jportal\/;jsessionid=CE480D9994552E60E564E0E1F885F896.jp91?quelle=jlink&amp;query=BehGleichStG+BW&amp;psml=bsbawueprod.psml&amp;max=true&amp;aiz=true#jlr-BehGleichStGBW2014V1P10\" target=\"_blank\" rel=\"noopener\">Paragraf 10 Absatz 1 L-BGG<\/a>&nbsp;beschriebenen Anforderungen gen\u00fcgen, k\u00f6nnen Sie sich an die Ferienwohnung Hochschwarzwald Betriebs (FHB) GmbH&nbsp;wenden und eine entsprechende R\u00fcckmeldung geben. Die entsprechenden Kontaktdaten finden Sie in dieser Erkl\u00e4rung.<\/p>\n<p>Falls die Ferienwohnung Hochschwarzwald Betriebs (FHB) GmbH&nbsp;nicht innerhalb der in&nbsp;<a title=\"Paragraf 8 Satz 1 Landes-Behindertengleichstellungsgesetz-Durchf\u00fchrungsverordnung\" href=\"http:\/\/www.landesrecht-bw.de\/jportal\/portal\/t\/9z4\/page\/bsbawueprod.psml\/action\/portlets.jw.MainAction?p1=c&amp;eventSubmit_doNavigate=searchInSubtreeTOC&amp;showdoccase=1&amp;doc.hl=0&amp;doc.id=jlr-BehGleichStGDVBWpP8&amp;doc.part=S&amp;toc.poskey=#focuspoint\" target=\"_blank\" rel=\"noopener\">Paragraf 8 Satz 1 L-BGG-DVO<\/a>&nbsp;vorgesehenen Frist auf Ihre Anfrage antwortet, k\u00f6nnen Sie sich an die Beauftragte der Landesregierung f\u00fcr die Belange von Menschen mit Behinderungen im Rahmen der in&nbsp;<a href=\"http:\/\/www.landesrecht-bw.de\/jportal\/?quelle=jlink&amp;query=BehGleichStG+BW&amp;psml=bsbawueprod.psml&amp;max=true&amp;aiz=true#jlr-BehGleichStGBW2014pP14\" target=\"_blank\" rel=\"noopener\">Paragraf 14 Absatz 2 Satz 2 L-BGG<\/a>&nbsp;und&nbsp;<a href=\"http:\/\/www.landesrecht-bw.de\/jportal\/?quelle=jlink&amp;query=BehGleichStG+BW&amp;psml=bsbawueprod.psml&amp;max=true&amp;aiz=true#jlr-BehGleichStGBW2014pP15\" target=\"_blank\" rel=\"noopener\">Paragraf 15 Absatz 3 Satz 2 L-BGG<\/a>&nbsp;beschriebenen Ombudsfunktion wenden.<\/p>\n<p>Die Beauftragte der Landesregierung f\u00fcr die Belange von Menschen mit Behinderungen k\u00f6nnen Sie wie folgt erreichen:<\/p>\n<p><strong>Landes-Behindertenbeauftragte Simone Fischer<\/strong><br>Gesch\u00e4ftsstelle der Landes-Behindertenbeauftragten:<br>Else-Josenhans-Stra\u00dfe 6<br>70173 Stuttgart<br>Telefon: 0711 279 3360<br>E-Mail:&nbsp;<a href=\"https:\/\/www.freiburger-stadtbau.de\/barrierefreiheit\" target=\"_blank\" rel=\"noopener\">Poststelle(at)bfbmb.bwl(dot)de<\/a><\/p>\n<p>Die Kontaktdaten f\u00fcr Sie zust\u00e4ndigen kommunalen Beauftragten f\u00fcr die Belange von Menschen mit Behinderungen k\u00f6nnen Sie \u00fcber die Webseite des Stadt- oder Landkreises in Erfahrung bringen, in welchem Sie Ihren dauerhaften Wohnsitz haben.<\/p>\n<\/div>\n<\/section>\n<section data-element_type=\"section\" data-id=\"e49e402\">\n<div data-element_type=\"column\" data-id=\"a63861d\">\n<div data-element_type=\"widget\" data-id=\"4824ce1\" data-widget_type=\"heading.default\">&nbsp;<\/div>\n<section>\n<div>\n<div>\n<h3>Datum der Erstellung<\/h3>\n<\/div>\n<\/div>\n<\/section>\n<p>Diese Erkl\u00e4rung zur Barrierefreiheit wurde am 29.06.2025 erstellt.<\/p>\n<p>Diese Erkl\u00e4rung zur Barrierefreiheit wurde mit gr\u00f6\u00dfter Sorgfalt erstellt und wird regelm\u00e4\u00dfig aktualisiert, um die aktuellen Anforderungen und Standards zu erf\u00fcllen. Dennoch k\u00f6nnen Fehler nicht v\u00f6llig ausgeschlossen werden. Falls Sie Fehler in dieser Erkl\u00e4rung finden, bitten wir um eine kurze R\u00fcckmeldung \u00fcber die Barrieren.<\/p>\n<\/div>\n<\/section>\t            <\/div>        <\/div>\t\t\t\t<\/div>\n\t\t\t\t<\/div>\n\t\t\t\t\t<\/div>\n\t\t<\/div>\n\t\t\t\t\t<\/div>\n\t\t<\/section>\n\t\t\t\t<\/div>\n\t\t","protected":false},"excerpt":{"rendered":"<p>Barrierefreiheitserkl\u00e4rung Barrierefreiheitserkl\u00e4rung Name und Anschrift des Unternehmens:Ferienwohnung Hochschwarzwald Betriebs (FHB) GmbH&nbsp;Freiburgerstra\u00dfe 1779856 Hinterzarten Domain: www.kuckucksnester.deTelefon: +4976155775000E-Mail: info@kuckucksnester.de &nbsp; Einleitung Die Ferienwohnung Hochschwarzwald Betriebs (FHB) GmbH&nbsp;ist bestrebt, ihre Website www.kuckucksnester.de in \u00dcbereinstimmung mit dem Barrierefreiheitsst\u00e4rkungsgesetz (BFSG) barrierefrei zug\u00e4nglich zu machen. Diese Erkl\u00e4rung zur Barrierefreiheit gilt f\u00fcr die Website www.kuckucksnester.de. Stand der Vereinbarkeit mit den Anforderungen Unsere &#8230;<\/p>\n","protected":false},"author":1,"featured_media":0,"parent":0,"menu_order":0,"comment_status":"closed","ping_status":"closed","template":"template-wide-content.php","meta":{"_monsterinsights_skip_tracking":false,"_monsterinsights_sitenote_active":false,"_monsterinsights_sitenote_note":"","_monsterinsights_sitenote_category":0,"cozystay_single_page_hide_site_header":"","cozystay_single_page_site_header_source":"","cozystay_single_page_custom_site_header":"0","cozystay_single_page_custom_sticky_site_header":"0","cozystay_single_page_hide_page_title":"on","cozystay_single_page_header_section_size":"","cozystay_single_page_header_background_color":"","cozystay_single_page_header_background_position_x":"center","cozystay_single_page_header_background_position_y":"center","cozystay_single_page_header_background_size":"cover","cozystay_single_page_header_background_repeat":"off","cozystay_single_page_header_background_scroll":"on","cozystay_single_page_header_text_color":"","cozystay_single_page_header_show_breadcrumb":"","cozystay_single_page_site_footer_hide_main":"","cozystay_single_custom_site_footer_main_source":"","cozystay_single_custom_site_footer_main":"0","cozystay_single_page_site_footer_hide_above":"","cozystay_single_custom_site_footer_above_source":"","cozystay_single_custom_site_footer_above":"0","cozystay_single_page_site_footer_hide_instagram":"","cozystay_single_page_site_footer_hide_bottom":"","cozystay_single_custom_mobile_menu_source":"","cozystay_single_custom_mobile_menu":"0","cozystay_single_custom_mobile_menu_animation":"","cozystay_single_custom_mobile_menu_width":"","cozystay_single_custom_mobile_menu_custom_width":375,"footnotes":""},"class_list":["post-227","page","type-page","status-publish","hentry"],"yoast_head":"<!-- This site is optimized with the Yoast SEO plugin v26.6 - https:\/\/yoast.com\/wordpress\/plugins\/seo\/ -->\n<title>Barrierefreiheitserkl\u00e4rung - Kuckucksnester<\/title>\n<meta name=\"description\" content=\"Kuckucksnester\" \/>\n<meta name=\"robots\" content=\"index, follow, max-snippet:-1, max-image-preview:large, max-video-preview:-1\" \/>\n<link rel=\"canonical\" href=\"https:\/\/kuckucksnester.de\/index.php\/barriere\/\" \/>\n<meta property=\"og:locale\" content=\"de_DE\" \/>\n<meta property=\"og:type\" content=\"article\" \/>\n<meta property=\"og:title\" content=\"Barrierefreiheitserkl\u00e4rung - Kuckucksnester\" \/>\n<meta property=\"og:description\" content=\"Kuckucksnester\" \/>\n<meta property=\"og:url\" content=\"https:\/\/kuckucksnester.de\/index.php\/barriere\/\" \/>\n<meta property=\"og:site_name\" content=\"Kuckucksnester\" \/>\n<meta property=\"article:modified_time\" content=\"2025-06-29T10:55:53+00:00\" \/>\n<meta name=\"twitter:card\" content=\"summary_large_image\" \/>\n<meta name=\"twitter:label1\" content=\"Gesch\u00e4tzte Lesezeit\" \/>\n\t<meta name=\"twitter:data1\" content=\"5\u00a0Minuten\" \/>\n<script type=\"application\/ld+json\" class=\"yoast-schema-graph\">{\"@context\":\"https:\/\/schema.org\",\"@graph\":[{\"@type\":\"WebPage\",\"@id\":\"https:\/\/kuckucksnester.de\/index.php\/barriere\/\",\"url\":\"https:\/\/kuckucksnester.de\/index.php\/barriere\/\",\"name\":\"Barrierefreiheitserkl\u00e4rung - Kuckucksnester\",\"isPartOf\":{\"@id\":\"https:\/\/kuckucksnester.de\/#website\"},\"datePublished\":\"2023-03-28T04:37:18+00:00\",\"dateModified\":\"2025-06-29T10:55:53+00:00\",\"description\":\"Kuckucksnester\",\"breadcrumb\":{\"@id\":\"https:\/\/kuckucksnester.de\/index.php\/barriere\/#breadcrumb\"},\"inLanguage\":\"de\",\"potentialAction\":[{\"@type\":\"ReadAction\",\"target\":[\"https:\/\/kuckucksnester.de\/index.php\/barriere\/\"]}]},{\"@type\":\"BreadcrumbList\",\"@id\":\"https:\/\/kuckucksnester.de\/index.php\/barriere\/#breadcrumb\",\"itemListElement\":[{\"@type\":\"ListItem\",\"position\":1,\"name\":\"Willkommen\",\"item\":\"https:\/\/kuckucksnester.de\/\"},{\"@type\":\"ListItem\",\"position\":2,\"name\":\"Barrierefreiheitserkl\u00e4rung\"}]},{\"@type\":\"WebSite\",\"@id\":\"https:\/\/kuckucksnester.de\/#website\",\"url\":\"https:\/\/kuckucksnester.de\/\",\"name\":\"Kuckucksnester\",\"description\":\"\",\"publisher\":{\"@id\":\"https:\/\/kuckucksnester.de\/#organization\"},\"alternateName\":\"Kuckucksnester\",\"potentialAction\":[{\"@type\":\"SearchAction\",\"target\":{\"@type\":\"EntryPoint\",\"urlTemplate\":\"https:\/\/kuckucksnester.de\/?s={search_term_string}\"},\"query-input\":{\"@type\":\"PropertyValueSpecification\",\"valueRequired\":true,\"valueName\":\"search_term_string\"}}],\"inLanguage\":\"de\"},{\"@type\":\"Organization\",\"@id\":\"https:\/\/kuckucksnester.de\/#organization\",\"name\":\"Kuckucksnester\",\"alternateName\":\"Kuckucksnester\",\"url\":\"https:\/\/kuckucksnester.de\/\",\"logo\":{\"@type\":\"ImageObject\",\"inLanguage\":\"de\",\"@id\":\"https:\/\/kuckucksnester.de\/#\/schema\/logo\/image\/\",\"url\":\"https:\/\/kuckucksnester.de\/wp-content\/uploads\/2025\/06\/cropped-logo-kuckuck.png\",\"contentUrl\":\"https:\/\/kuckucksnester.de\/wp-content\/uploads\/2025\/06\/cropped-logo-kuckuck.png\",\"width\":145,\"height\":145,\"caption\":\"Kuckucksnester\"},\"image\":{\"@id\":\"https:\/\/kuckucksnester.de\/#\/schema\/logo\/image\/\"}}]}<\/script>\n<!-- \/ Yoast SEO plugin. -->","yoast_head_json":{"title":"Barrierefreiheitserkl\u00e4rung - Kuckucksnester","description":"Kuckucksnester","robots":{"index":"index","follow":"follow","max-snippet":"max-snippet:-1","max-image-preview":"max-image-preview:large","max-video-preview":"max-video-preview:-1"},"canonical":"https:\/\/kuckucksnester.de\/index.php\/barriere\/","og_locale":"de_DE","og_type":"article","og_title":"Barrierefreiheitserkl\u00e4rung - Kuckucksnester","og_description":"Kuckucksnester","og_url":"https:\/\/kuckucksnester.de\/index.php\/barriere\/","og_site_name":"Kuckucksnester","article_modified_time":"2025-06-29T10:55:53+00:00","twitter_card":"summary_large_image","twitter_misc":{"Gesch\u00e4tzte Lesezeit":"5\u00a0Minuten"},"schema":{"@context":"https:\/\/schema.org","@graph":[{"@type":"WebPage","@id":"https:\/\/kuckucksnester.de\/index.php\/barriere\/","url":"https:\/\/kuckucksnester.de\/index.php\/barriere\/","name":"Barrierefreiheitserkl\u00e4rung - Kuckucksnester","isPartOf":{"@id":"https:\/\/kuckucksnester.de\/#website"},"datePublished":"2023-03-28T04:37:18+00:00","dateModified":"2025-06-29T10:55:53+00:00","description":"Kuckucksnester","breadcrumb":{"@id":"https:\/\/kuckucksnester.de\/index.php\/barriere\/#breadcrumb"},"inLanguage":"de","potentialAction":[{"@type":"ReadAction","target":["https:\/\/kuckucksnester.de\/index.php\/barriere\/"]}]},{"@type":"BreadcrumbList","@id":"https:\/\/kuckucksnester.de\/index.php\/barriere\/#breadcrumb","itemListElement":[{"@type":"ListItem","position":1,"name":"Willkommen","item":"https:\/\/kuckucksnester.de\/"},{"@type":"ListItem","position":2,"name":"Barrierefreiheitserkl\u00e4rung"}]},{"@type":"WebSite","@id":"https:\/\/kuckucksnester.de\/#website","url":"https:\/\/kuckucksnester.de\/","name":"Kuckucksnester","description":"","publisher":{"@id":"https:\/\/kuckucksnester.de\/#organization"},"alternateName":"Kuckucksnester","potentialAction":[{"@type":"SearchAction","target":{"@type":"EntryPoint","urlTemplate":"https:\/\/kuckucksnester.de\/?s={search_term_string}"},"query-input":{"@type":"PropertyValueSpecification","valueRequired":true,"valueName":"search_term_string"}}],"inLanguage":"de"},{"@type":"Organization","@id":"https:\/\/kuckucksnester.de\/#organization","name":"Kuckucksnester","alternateName":"Kuckucksnester","url":"https:\/\/kuckucksnester.de\/","logo":{"@type":"ImageObject","inLanguage":"de","@id":"https:\/\/kuckucksnester.de\/#\/schema\/logo\/image\/","url":"https:\/\/kuckucksnester.de\/wp-content\/uploads\/2025\/06\/cropped-logo-kuckuck.png","contentUrl":"https:\/\/kuckucksnester.de\/wp-content\/uploads\/2025\/06\/cropped-logo-kuckuck.png","width":145,"height":145,"caption":"Kuckucksnester"},"image":{"@id":"https:\/\/kuckucksnester.de\/#\/schema\/logo\/image\/"}}]}},"_links":{"self":[{"href":"https:\/\/kuckucksnester.de\/index.php\/wp-json\/wp\/v2\/pages\/227","targetHints":{"allow":["GET"]}}],"collection":[{"href":"https:\/\/kuckucksnester.de\/index.php\/wp-json\/wp\/v2\/pages"}],"about":[{"href":"https:\/\/kuckucksnester.de\/index.php\/wp-json\/wp\/v2\/types\/page"}],"author":[{"embeddable":true,"href":"https:\/\/kuckucksnester.de\/index.php\/wp-json\/wp\/v2\/users\/1"}],"replies":[{"embeddable":true,"href":"https:\/\/kuckucksnester.de\/index.php\/wp-json\/wp\/v2\/comments?post=227"}],"version-history":[{"count":6,"href":"https:\/\/kuckucksnester.de\/index.php\/wp-json\/wp\/v2\/pages\/227\/revisions"}],"predecessor-version":[{"id":2067,"href":"https:\/\/kuckucksnester.de\/index.php\/wp-json\/wp\/v2\/pages\/227\/revisions\/2067"}],"wp:attachment":[{"href":"https:\/\/kuckucksnester.de\/index.php\/wp-json\/wp\/v2\/media?parent=227"}],"curies":[{"name":"wp","href":"https:\/\/api.w.org\/{rel}","templated":true}]}}