{"id":2341,"date":"2025-08-13T12:37:44","date_gmt":"2025-08-13T12:37:44","guid":{"rendered":"https:\/\/kuckucksnester.de\/?page_id=2341"},"modified":"2025-09-16T12:24:26","modified_gmt":"2025-09-16T12:24:26","slug":"partner-werden","status":"publish","type":"page","link":"https:\/\/kuckucksnester.de\/index.php\/partner-werden\/","title":{"rendered":"Partner werden"},"content":{"rendered":"\t\t<div data-elementor-type=\"wp-page\" data-elementor-id=\"2341\" class=\"elementor elementor-2341\">\n\t\t\t\t<div class=\"elementor-element elementor-element-43cd7e e-flex e-con-boxed e-con e-parent\" data-id=\"43cd7e\" data-element_type=\"container\">\n\t\t\t\t\t<div class=\"e-con-inner\">\n\t\t\t\t<div class=\"elementor-element elementor-element-70683f56 elementor-widget elementor-widget-text-editor\" data-id=\"70683f56\" data-element_type=\"widget\" data-widget_type=\"text-editor.default\">\n\t\t\t\t<div class=\"elementor-widget-container\">\n\t\t\t\t\t\t\t\t\t<p>Ihre Ferienwohnung \u2013 ein echtes Kuckucksnest?<\/p>\n<p><!-- \/wp:paragraph --><!-- wp:paragraph --><\/p>\n<p>Der Schwarzwald steckt voller besonderer Orte. Wenn Sie eine Ferienwohnung besitzen, die mehr sein k\u00f6nnte als nur ein Feriendomizil \u2013 ein R\u00fcckzugsort mit Seele, Geschichte oder Ausblick \u2013, dann lassen Sie uns ins Gespr\u00e4ch kommen. Wir verwandeln Wohnungen in liebevoll gestaltete Kuckucksnester und \u00fcbernehmen den gesamten Betrieb f\u00fcr Sie.<\/p>\n<p><!-- \/wp:paragraph --><!-- wp:paragraph --><\/p>\n<p>Damit aus Ihrem Ort ein Zuhause auf Zeit wird \u2013 f\u00fcr Menschen, die den Schwarzwald wirklich erleben wollen.<\/p>\n<p>Geben Sie uns \u00fcber das Kontaktformular gerne bereits Informationen \u00fcber\u00a0die Wohnung wie Adresse, Lage im Haus, Quadratmeter etc.<\/p>\n<p>Wir freuen uns auf Ihre Anfrage!<\/p>\n<div>\n<p><!-- \/wp:paragraph --><\/p>\n<\/div>\n<p><!-- \/wp:buttons --><\/p>\t\t\t\t\t\t\t\t<\/div>\n\t\t\t\t<\/div>\n\t\t\t\t\t<\/div>\n\t\t\t\t<\/div>\n\t\t<div class=\"elementor-element elementor-element-8daffad e-flex e-con-boxed e-con e-parent\" data-id=\"8daffad\" data-element_type=\"container\">\n\t\t\t\t\t<div class=\"e-con-inner\">\n\t\t\t\t<div class=\"elementor-element elementor-element-ef6ee27 elementor-widget elementor-widget-cs_form_cf7\" data-id=\"ef6ee27\" data-element_type=\"widget\" data-widget_type=\"cs_form_cf7.default\">\n\t\t\t\t<div class=\"elementor-widget-container\">\n\t\t\t\t\t            <div class=\"cs-form-cf7 placeholder-normal\">\n                <div class=\"cs-form-cf7-wrap\">\n<div class=\"wpcf7 no-js\" id=\"wpcf7-f2336-o1\" lang=\"en-US\" dir=\"ltr\" data-wpcf7-id=\"2336\">\n<div class=\"screen-reader-response\"><p role=\"status\" aria-live=\"polite\" aria-atomic=\"true\"><\/p> <ul><\/ul><\/div>\n<form action=\"\/index.php\/wp-json\/wp\/v2\/pages\/2341#wpcf7-f2336-o1\" method=\"post\" class=\"wpcf7-form init\" aria-label=\"Contact form\" novalidate=\"novalidate\" data-status=\"init\">\n<fieldset class=\"hidden-fields-container\"><input type=\"hidden\" name=\"_wpcf7\" value=\"2336\" \/><input type=\"hidden\" name=\"_wpcf7_version\" value=\"6.1.4\" \/><input type=\"hidden\" name=\"_wpcf7_locale\" value=\"en_US\" \/><input type=\"hidden\" name=\"_wpcf7_unit_tag\" value=\"wpcf7-f2336-o1\" \/><input type=\"hidden\" name=\"_wpcf7_container_post\" value=\"0\" \/><input type=\"hidden\" name=\"_wpcf7_posted_data_hash\" value=\"\" \/>\n<\/fieldset>\n<p><span class=\"wpcf7-form-control-wrap\" data-name=\"text-618\"><input size=\"40\" maxlength=\"100\" minlength=\"1\" class=\"wpcf7-form-control wpcf7-text wpcf7-validates-as-required\" aria-required=\"true\" aria-invalid=\"false\" placeholder=\"Anrede\" value=\"\" type=\"text\" name=\"text-618\" \/><\/span>\n<\/p>\n<p><span id=\"wpcf7-69f2e2487d961-wrapper\" class=\"wpcf7-form-control-wrap firstname-wrap\" ><input type=\"hidden\" name=\"firstname-time-start\" value=\"1777525320\"><input type=\"hidden\" name=\"firstname-time-check\" value=\"4\"><label for=\"wpcf7-69f2e2487d961-field\" class=\"hp-message\">Please leave this field empty.<\/label><input id=\"wpcf7-69f2e2487d961-field\"  class=\"wpcf7-form-control wpcf7-text\" type=\"text\" name=\"firstname\" value=\"\" size=\"40\" tabindex=\"-1\" autocomplete=\"new-password\" \/><\/span>\n<\/p>\n<p><label><span class=\"wpcf7-form-control-wrap\" data-name=\"your-name\"><input size=\"40\" maxlength=\"400\" class=\"wpcf7-form-control wpcf7-text wpcf7-validates-as-required\" autocomplete=\"name\" aria-required=\"true\" aria-invalid=\"false\" placeholder=\"Vorname - Nachname\" value=\"\" type=\"text\" name=\"your-name\" \/><\/span> <\/label>\n<\/p>\n<p><label><span class=\"wpcf7-form-control-wrap\" data-name=\"your-email\"><input size=\"40\" maxlength=\"400\" class=\"wpcf7-form-control wpcf7-email wpcf7-validates-as-required wpcf7-text wpcf7-validates-as-email\" autocomplete=\"email\" aria-required=\"true\" aria-invalid=\"false\" placeholder=\"Deine E-Mail Adresse\" value=\"\" type=\"email\" name=\"your-email\" \/><\/span> <\/label>\n<\/p>\n<p><label><span class=\"wpcf7-form-control-wrap\" data-name=\"tel-255\"><input size=\"40\" maxlength=\"400\" class=\"wpcf7-form-control wpcf7-tel wpcf7-text wpcf7-validates-as-tel\" aria-invalid=\"false\" placeholder=\"Deine Telefonnummer\" value=\"\" type=\"tel\" name=\"tel-255\" \/><\/span> <\/label>\n<\/p>\n<p><label><span class=\"wpcf7-form-control-wrap\" data-name=\"your-message\"><textarea cols=\"40\" rows=\"10\" maxlength=\"2000\" class=\"wpcf7-form-control wpcf7-textarea\" aria-invalid=\"false\" placeholder=\"Infos zu deiner Unterkunft\" name=\"your-message\"><\/textarea><\/span> <\/label><br \/>\n<span id=\"wpcf7-69f2e2487dab2-wrapper\" class=\"wpcf7-form-control-wrap lastname-wrap\" ><input type=\"hidden\" name=\"lastname-time-start\" value=\"1777525320\"><input type=\"hidden\" name=\"lastname-time-check\" value=\"4\"><label for=\"wpcf7-69f2e2487dab2-field\" class=\"hp-message\">Please leave this field empty.<\/label><input id=\"wpcf7-69f2e2487dab2-field\"  class=\"wpcf7-form-control wpcf7-text\" type=\"text\" name=\"lastname\" value=\"\" size=\"40\" tabindex=\"-1\" autocomplete=\"new-password\" \/><\/span><br \/>\n<input class=\"wpcf7-form-control wpcf7-submit has-spinner\" type=\"submit\" value=\"Jetzt Teil der Kuckucksnester-Familie werden\" \/>\n<\/p><div class=\"wpcf7-response-output\" aria-hidden=\"true\"><\/div>\n<\/form>\n<\/div>\n<\/div>\n            <\/div>\t\t\t\t<\/div>\n\t\t\t\t<\/div>\n\t\t\t\t\t<\/div>\n\t\t\t\t<\/div>\n\t\t\t\t<\/div>\n\t\t","protected":false},"excerpt":{"rendered":"<p>Ihre Ferienwohnung \u2013 ein echtes Kuckucksnest? Der Schwarzwald steckt voller besonderer Orte. Wenn Sie eine Ferienwohnung besitzen, die mehr sein k\u00f6nnte als nur ein Feriendomizil \u2013 ein R\u00fcckzugsort mit Seele, Geschichte oder Ausblick \u2013, dann lassen Sie uns ins Gespr\u00e4ch kommen. Wir verwandeln Wohnungen in liebevoll gestaltete Kuckucksnester und \u00fcbernehmen den gesamten Betrieb f\u00fcr Sie. &#8230;<\/p>\n","protected":false},"author":2,"featured_media":2085,"parent":0,"menu_order":0,"comment_status":"closed","ping_status":"closed","template":"template-fullwidth.php","meta":{"_monsterinsights_skip_tracking":false,"_monsterinsights_sitenote_active":false,"_monsterinsights_sitenote_note":"","_monsterinsights_sitenote_category":0,"cozystay_single_page_hide_site_header":"","cozystay_single_page_site_header_source":"","cozystay_single_page_custom_site_header":"0","cozystay_single_page_custom_sticky_site_header":"0","cozystay_single_page_hide_page_title":"","cozystay_single_page_header_section_size":"","cozystay_single_page_header_background_color":"","cozystay_single_page_header_background_position_x":"center","cozystay_single_page_header_background_position_y":"center","cozystay_single_page_header_background_size":"cover","cozystay_single_page_header_background_repeat":"off","cozystay_single_page_header_background_scroll":"on","cozystay_single_page_header_text_color":"","cozystay_single_page_header_show_breadcrumb":"","cozystay_single_page_site_footer_hide_main":"","cozystay_single_custom_site_footer_main_source":"","cozystay_single_custom_site_footer_main":"0","cozystay_single_page_site_footer_hide_above":"","cozystay_single_custom_site_footer_above_source":"","cozystay_single_custom_site_footer_above":"0","cozystay_single_page_site_footer_hide_instagram":"","cozystay_single_page_site_footer_hide_bottom":"","cozystay_single_custom_mobile_menu_source":"","cozystay_single_custom_mobile_menu":"0","cozystay_single_custom_mobile_menu_animation":"","cozystay_single_custom_mobile_menu_width":"","cozystay_single_custom_mobile_menu_custom_width":375,"footnotes":""},"class_list":["post-2341","page","type-page","status-publish","has-post-thumbnail","hentry"],"yoast_head":"<!-- This site is optimized with the Yoast SEO plugin v26.6 - https:\/\/yoast.com\/wordpress\/plugins\/seo\/ -->\n<title>Partner werden - Kuckucksnester<\/title>\n<meta name=\"description\" content=\"Kuckucksnester\" \/>\n<meta name=\"robots\" content=\"index, follow, max-snippet:-1, max-image-preview:large, max-video-preview:-1\" \/>\n<link rel=\"canonical\" href=\"https:\/\/kuckucksnester.de\/index.php\/partner-werden\/\" \/>\n<meta property=\"og:locale\" content=\"de_DE\" \/>\n<meta property=\"og:type\" content=\"article\" \/>\n<meta property=\"og:title\" content=\"Partner werden - Kuckucksnester\" \/>\n<meta property=\"og:description\" content=\"Kuckucksnester\" \/>\n<meta property=\"og:url\" content=\"https:\/\/kuckucksnester.de\/index.php\/partner-werden\/\" \/>\n<meta property=\"og:site_name\" content=\"Kuckucksnester\" \/>\n<meta property=\"article:modified_time\" content=\"2025-09-16T12:24:26+00:00\" \/>\n<meta property=\"og:image\" content=\"https:\/\/kuckucksnester.de\/wp-content\/uploads\/2025\/06\/Tannenwaldvonobenbearbeitet.jpeg\" \/>\n\t<meta property=\"og:image:width\" content=\"1920\" \/>\n\t<meta property=\"og:image:height\" content=\"1279\" \/>\n\t<meta property=\"og:image:type\" content=\"image\/jpeg\" \/>\n<meta name=\"twitter:card\" content=\"summary_large_image\" \/>\n<meta name=\"twitter:label1\" content=\"Gesch\u00e4tzte Lesezeit\" \/>\n\t<meta name=\"twitter:data1\" content=\"1\u00a0Minute\" \/>\n<script type=\"application\/ld+json\" class=\"yoast-schema-graph\">{\"@context\":\"https:\/\/schema.org\",\"@graph\":[{\"@type\":\"WebPage\",\"@id\":\"https:\/\/kuckucksnester.de\/index.php\/partner-werden\/\",\"url\":\"https:\/\/kuckucksnester.de\/index.php\/partner-werden\/\",\"name\":\"Partner werden - Kuckucksnester\",\"isPartOf\":{\"@id\":\"https:\/\/kuckucksnester.de\/#website\"},\"primaryImageOfPage\":{\"@id\":\"https:\/\/kuckucksnester.de\/index.php\/partner-werden\/#primaryimage\"},\"image\":{\"@id\":\"https:\/\/kuckucksnester.de\/index.php\/partner-werden\/#primaryimage\"},\"thumbnailUrl\":\"https:\/\/kuckucksnester.de\/wp-content\/uploads\/2025\/06\/Tannenwaldvonobenbearbeitet.jpeg\",\"datePublished\":\"2025-08-13T12:37:44+00:00\",\"dateModified\":\"2025-09-16T12:24:26+00:00\",\"description\":\"Kuckucksnester\",\"breadcrumb\":{\"@id\":\"https:\/\/kuckucksnester.de\/index.php\/partner-werden\/#breadcrumb\"},\"inLanguage\":\"de\",\"potentialAction\":[{\"@type\":\"ReadAction\",\"target\":[\"https:\/\/kuckucksnester.de\/index.php\/partner-werden\/\"]}]},{\"@type\":\"ImageObject\",\"inLanguage\":\"de\",\"@id\":\"https:\/\/kuckucksnester.de\/index.php\/partner-werden\/#primaryimage\",\"url\":\"https:\/\/kuckucksnester.de\/wp-content\/uploads\/2025\/06\/Tannenwaldvonobenbearbeitet.jpeg\",\"contentUrl\":\"https:\/\/kuckucksnester.de\/wp-content\/uploads\/2025\/06\/Tannenwaldvonobenbearbeitet.jpeg\",\"width\":1920,\"height\":1279,\"caption\":\"Tannenwald von oben\"},{\"@type\":\"BreadcrumbList\",\"@id\":\"https:\/\/kuckucksnester.de\/index.php\/partner-werden\/#breadcrumb\",\"itemListElement\":[{\"@type\":\"ListItem\",\"position\":1,\"name\":\"Willkommen\",\"item\":\"https:\/\/kuckucksnester.de\/\"},{\"@type\":\"ListItem\",\"position\":2,\"name\":\"Partner werden\"}]},{\"@type\":\"WebSite\",\"@id\":\"https:\/\/kuckucksnester.de\/#website\",\"url\":\"https:\/\/kuckucksnester.de\/\",\"name\":\"Kuckucksnester\",\"description\":\"\",\"publisher\":{\"@id\":\"https:\/\/kuckucksnester.de\/#organization\"},\"alternateName\":\"Kuckucksnester\",\"potentialAction\":[{\"@type\":\"SearchAction\",\"target\":{\"@type\":\"EntryPoint\",\"urlTemplate\":\"https:\/\/kuckucksnester.de\/?s={search_term_string}\"},\"query-input\":{\"@type\":\"PropertyValueSpecification\",\"valueRequired\":true,\"valueName\":\"search_term_string\"}}],\"inLanguage\":\"de\"},{\"@type\":\"Organization\",\"@id\":\"https:\/\/kuckucksnester.de\/#organization\",\"name\":\"Kuckucksnester\",\"alternateName\":\"Kuckucksnester\",\"url\":\"https:\/\/kuckucksnester.de\/\",\"logo\":{\"@type\":\"ImageObject\",\"inLanguage\":\"de\",\"@id\":\"https:\/\/kuckucksnester.de\/#\/schema\/logo\/image\/\",\"url\":\"https:\/\/kuckucksnester.de\/wp-content\/uploads\/2025\/06\/cropped-logo-kuckuck.png\",\"contentUrl\":\"https:\/\/kuckucksnester.de\/wp-content\/uploads\/2025\/06\/cropped-logo-kuckuck.png\",\"width\":145,\"height\":145,\"caption\":\"Kuckucksnester\"},\"image\":{\"@id\":\"https:\/\/kuckucksnester.de\/#\/schema\/logo\/image\/\"}}]}<\/script>\n<!-- \/ Yoast SEO plugin. -->","yoast_head_json":{"title":"Partner werden - Kuckucksnester","description":"Kuckucksnester","robots":{"index":"index","follow":"follow","max-snippet":"max-snippet:-1","max-image-preview":"max-image-preview:large","max-video-preview":"max-video-preview:-1"},"canonical":"https:\/\/kuckucksnester.de\/index.php\/partner-werden\/","og_locale":"de_DE","og_type":"article","og_title":"Partner werden - Kuckucksnester","og_description":"Kuckucksnester","og_url":"https:\/\/kuckucksnester.de\/index.php\/partner-werden\/","og_site_name":"Kuckucksnester","article_modified_time":"2025-09-16T12:24:26+00:00","og_image":[{"width":1920,"height":1279,"url":"https:\/\/kuckucksnester.de\/wp-content\/uploads\/2025\/06\/Tannenwaldvonobenbearbeitet.jpeg","type":"image\/jpeg"}],"twitter_card":"summary_large_image","twitter_misc":{"Gesch\u00e4tzte Lesezeit":"1\u00a0Minute"},"schema":{"@context":"https:\/\/schema.org","@graph":[{"@type":"WebPage","@id":"https:\/\/kuckucksnester.de\/index.php\/partner-werden\/","url":"https:\/\/kuckucksnester.de\/index.php\/partner-werden\/","name":"Partner werden - Kuckucksnester","isPartOf":{"@id":"https:\/\/kuckucksnester.de\/#website"},"primaryImageOfPage":{"@id":"https:\/\/kuckucksnester.de\/index.php\/partner-werden\/#primaryimage"},"image":{"@id":"https:\/\/kuckucksnester.de\/index.php\/partner-werden\/#primaryimage"},"thumbnailUrl":"https:\/\/kuckucksnester.de\/wp-content\/uploads\/2025\/06\/Tannenwaldvonobenbearbeitet.jpeg","datePublished":"2025-08-13T12:37:44+00:00","dateModified":"2025-09-16T12:24:26+00:00","description":"Kuckucksnester","breadcrumb":{"@id":"https:\/\/kuckucksnester.de\/index.php\/partner-werden\/#breadcrumb"},"inLanguage":"de","potentialAction":[{"@type":"ReadAction","target":["https:\/\/kuckucksnester.de\/index.php\/partner-werden\/"]}]},{"@type":"ImageObject","inLanguage":"de","@id":"https:\/\/kuckucksnester.de\/index.php\/partner-werden\/#primaryimage","url":"https:\/\/kuckucksnester.de\/wp-content\/uploads\/2025\/06\/Tannenwaldvonobenbearbeitet.jpeg","contentUrl":"https:\/\/kuckucksnester.de\/wp-content\/uploads\/2025\/06\/Tannenwaldvonobenbearbeitet.jpeg","width":1920,"height":1279,"caption":"Tannenwald von oben"},{"@type":"BreadcrumbList","@id":"https:\/\/kuckucksnester.de\/index.php\/partner-werden\/#breadcrumb","itemListElement":[{"@type":"ListItem","position":1,"name":"Willkommen","item":"https:\/\/kuckucksnester.de\/"},{"@type":"ListItem","position":2,"name":"Partner werden"}]},{"@type":"WebSite","@id":"https:\/\/kuckucksnester.de\/#website","url":"https:\/\/kuckucksnester.de\/","name":"Kuckucksnester","description":"","publisher":{"@id":"https:\/\/kuckucksnester.de\/#organization"},"alternateName":"Kuckucksnester","potentialAction":[{"@type":"SearchAction","target":{"@type":"EntryPoint","urlTemplate":"https:\/\/kuckucksnester.de\/?s={search_term_string}"},"query-input":{"@type":"PropertyValueSpecification","valueRequired":true,"valueName":"search_term_string"}}],"inLanguage":"de"},{"@type":"Organization","@id":"https:\/\/kuckucksnester.de\/#organization","name":"Kuckucksnester","alternateName":"Kuckucksnester","url":"https:\/\/kuckucksnester.de\/","logo":{"@type":"ImageObject","inLanguage":"de","@id":"https:\/\/kuckucksnester.de\/#\/schema\/logo\/image\/","url":"https:\/\/kuckucksnester.de\/wp-content\/uploads\/2025\/06\/cropped-logo-kuckuck.png","contentUrl":"https:\/\/kuckucksnester.de\/wp-content\/uploads\/2025\/06\/cropped-logo-kuckuck.png","width":145,"height":145,"caption":"Kuckucksnester"},"image":{"@id":"https:\/\/kuckucksnester.de\/#\/schema\/logo\/image\/"}}]}},"_links":{"self":[{"href":"https:\/\/kuckucksnester.de\/index.php\/wp-json\/wp\/v2\/pages\/2341","targetHints":{"allow":["GET"]}}],"collection":[{"href":"https:\/\/kuckucksnester.de\/index.php\/wp-json\/wp\/v2\/pages"}],"about":[{"href":"https:\/\/kuckucksnester.de\/index.php\/wp-json\/wp\/v2\/types\/page"}],"author":[{"embeddable":true,"href":"https:\/\/kuckucksnester.de\/index.php\/wp-json\/wp\/v2\/users\/2"}],"replies":[{"embeddable":true,"href":"https:\/\/kuckucksnester.de\/index.php\/wp-json\/wp\/v2\/comments?post=2341"}],"version-history":[{"count":25,"href":"https:\/\/kuckucksnester.de\/index.php\/wp-json\/wp\/v2\/pages\/2341\/revisions"}],"predecessor-version":[{"id":2491,"href":"https:\/\/kuckucksnester.de\/index.php\/wp-json\/wp\/v2\/pages\/2341\/revisions\/2491"}],"wp:featuredmedia":[{"embeddable":true,"href":"https:\/\/kuckucksnester.de\/index.php\/wp-json\/wp\/v2\/media\/2085"}],"wp:attachment":[{"href":"https:\/\/kuckucksnester.de\/index.php\/wp-json\/wp\/v2\/media?parent=2341"}],"curies":[{"name":"wp","href":"https:\/\/api.w.org\/{rel}","templated":true}]}}