{"id":254,"date":"2023-03-28T04:39:15","date_gmt":"2023-03-28T04:39:15","guid":{"rendered":"https:\/\/cozystay.loftocean.com\/apartment\/?page_id=254"},"modified":"2026-04-29T14:03:10","modified_gmt":"2026-04-29T14:03:10","slug":"impressum","status":"publish","type":"page","link":"https:\/\/kuckucksnester.de\/index.php\/impressum\/","title":{"rendered":"Impressum"},"content":{"rendered":"\t\t<div data-elementor-type=\"wp-page\" data-elementor-id=\"254\" class=\"elementor elementor-254\">\n\t\t\t\t\t\t<section class=\"elementor-section elementor-top-section elementor-element elementor-element-3826de4 cs-section-content-fullwidth cs_scroll_y_80 cs-parallax-on-scroll elementor-section-boxed elementor-section-height-default elementor-section-height-default\" data-id=\"3826de4\" data-element_type=\"section\" data-settings=\"{&quot;background_background&quot;:&quot;classic&quot;}\" data-cs-parallax-y=\"80\">\n\t\t\t\t\t\t\t<div class=\"elementor-background-overlay\"><\/div>\n\t\t\t\t\t\t\t<div class=\"elementor-container elementor-column-gap-no\">\n\t\t\t\t\t<div class=\"elementor-column elementor-col-100 elementor-top-column elementor-element elementor-element-9bcae30\" data-id=\"9bcae30\" data-element_type=\"column\">\n\t\t\t<div class=\"elementor-widget-wrap\">\n\t\t\t\t\t\t\t<\/div>\n\t\t<\/div>\n\t\t\t\t\t<\/div>\n\t\t<\/section>\n\t\t\t\t<section class=\"elementor-section elementor-top-section elementor-element elementor-element-4ce71aa cs-section-content-fullwidth cs_scroll_y_80 cs-parallax-on-scroll elementor-section-boxed elementor-section-height-default elementor-section-height-default\" data-id=\"4ce71aa\" data-element_type=\"section\" data-settings=\"{&quot;background_background&quot;:&quot;classic&quot;}\" data-cs-parallax-y=\"80\">\n\t\t\t\t\t\t\t<div class=\"elementor-background-overlay\"><\/div>\n\t\t\t\t\t\t\t<div class=\"elementor-container elementor-column-gap-no\">\n\t\t\t\t\t<div class=\"elementor-column elementor-col-100 elementor-top-column elementor-element elementor-element-80ed9fe\" data-id=\"80ed9fe\" data-element_type=\"column\">\n\t\t\t<div class=\"elementor-widget-wrap elementor-element-populated\">\n\t\t\t\t\t\t<div class=\"elementor-element elementor-element-501e873 cs-animation-small-offset elementor-invisible elementor-widget elementor-widget-cs_title\" data-id=\"501e873\" data-element_type=\"widget\" data-settings=\"{&quot;_animation&quot;:&quot;fadeInUp&quot;,&quot;_animation_delay&quot;:150}\" data-widget_type=\"cs_title.default\">\n\t\t\t\t<div class=\"elementor-widget-container\">\n\t\t\t\t\t\n        <div class=\"cs-title-wrap text-center\">\t            <div class=\"cs-subtitle-wrap\"><span class=\"cs-subtitle color-primary\">Impressum<\/span><\/div>\t            <h3 class=\"cs-title\">\n\t                Impressum\t            <\/h3>\t            <div class=\"cs-title-text\">\n\t                <section data-element_type=\"section\" data-id=\"4cf02d2\"><div data-element_type=\"column\" data-id=\"431d598\"><div data-element_type=\"widget\" data-id=\"2fa9ca4\" data-widget_type=\"heading.default\"><h3>Informationen gem\u00e4\u00df \u00a7 5 TMG<\/h3><\/div><\/div><\/section><section data-element_type=\"section\" data-id=\"df2ead2\"><div data-element_type=\"column\" data-id=\"45dea72\"><div data-element_type=\"widget\" data-id=\"f93f38c\" data-widget_type=\"text-editor.default\"><h6>Black Forest Hospitality GmbH<\/h6><p>Freiburgerstra\u00dfe 17<br \/>DE-79853 Hinterzarten<br \/><strong>Vertreten durch:<\/strong><br \/>Dominik Tumminaro<\/p><p><span lang=\"DE-DE\" xml:lang=\"DE-DE\" data-contrast=\"auto\">Registergericht: Amtsgericht Freiburg<\/span>\u00a0<br \/><span lang=\"DE-DE\" xml:lang=\"DE-DE\" data-contrast=\"auto\">Registernummer: HRB 702880<\/span><span data-ccp-props=\"{}\">\u00a0<\/span><\/p><\/div><\/div><\/section><section data-element_type=\"section\" data-id=\"04f22c5\"><div data-element_type=\"column\" data-id=\"53e98f9\"><div data-element_type=\"widget\" data-id=\"c615652\" data-widget_type=\"heading.default\"><h3>Kontakt<\/h3><\/div><\/div><\/section><section data-element_type=\"section\" data-id=\"423fd9d\"><div data-element_type=\"column\" data-id=\"62d9def\"><div data-element_type=\"widget\" data-id=\"0459244\" data-widget_type=\"text-editor.default\"><p>Telefon: +497652 2899313<br \/>E-mail: <a class=\"ms-outlook-linkify\" href=\"mailto:freiburgerstrasse@kuckucksnester.de\" data-ogsc=\"\">freiburgerstrasse@kuckucksnester.de<\/a><\/p><\/div><\/div><\/section><section data-element_type=\"section\" data-id=\"085641c\"><div data-element_type=\"column\" data-id=\"8cb0c48\"><div data-element_type=\"widget\" data-id=\"444b3f8\" data-widget_type=\"heading.default\"><h3>VAT ID<\/h3><\/div><\/div><\/section><section data-element_type=\"section\" data-id=\"dda05bd\"><div data-element_type=\"column\" data-id=\"4e81e57\"><div data-element_type=\"widget\" data-id=\"81f1f42\" data-widget_type=\"text-editor.default\"><p>Umsatzsteuer-Identifikationsnummer gem\u00e4\u00df \u00a7 27 a Umsatzsteuergesetz:<br \/><span lang=\"DE-DE\" xml:lang=\"DE-DE\" data-contrast=\"auto\">DE262846766<\/span><\/p><\/div><\/div><\/section><section data-element_type=\"section\" data-id=\"c0215e3\"><div data-element_type=\"column\" data-id=\"96c714c\"><div data-element_type=\"widget\" data-id=\"9af68b9\" data-widget_type=\"heading.default\"><h3>EU-Streitschlichtung<\/h3><\/div><\/div><\/section><section data-element_type=\"section\" data-id=\"8c31af0\"><div data-element_type=\"column\" data-id=\"ff93ef4\"><div data-element_type=\"widget\" data-id=\"6104888\" data-widget_type=\"text-editor.default\"><p>Die Europ\u00e4ische Kommission bietet eine Plattform f\u00fcr die Online-Streitbeilegung (ODR):\u00a0<a href=\"https:\/\/ec.europa.eu\/consumers\/odr\" target=\"_self\" rel=\"noopener noreferrer\">https:\/\/ec.europa.eu\/consumers\/odr<\/a>.<br \/>Unsere E-Mail-Adresse finden Sie oben in der Website-Bekanntmachung.<br \/>Wir sind nicht bereit oder verpflichtet, an einem Streitbeilegungsverfahren vor einer Verbraucherschlichtungsstelle teilzunehmen.<\/p><\/div><\/div><\/section><section data-element_type=\"section\" data-id=\"29643e2\"><div data-element_type=\"column\" data-id=\"a2e74d3\"><div data-element_type=\"widget\" data-id=\"fe06bee\" data-widget_type=\"heading.default\"><h3>Haftung f\u00fcr den Inhalt<\/h3><\/div><\/div><\/section><section data-element_type=\"section\" data-id=\"c862eec\"><div data-element_type=\"column\" data-id=\"1d98634\"><div data-element_type=\"widget\" data-id=\"5287d10\" data-widget_type=\"text-editor.default\">Als Dienstanbieter sind wir gem\u00e4\u00df \u00a7 7 Abs.1 TMG f\u00fcr eigene Inhalte auf diesen Seiten nach den allgemeinen Gesetzen verantwortlich. Nach \u00a7\u00a7 8 bis 10 TMG sind wir als Diensteanbieter jedoch nicht verpflichtet, \u00fcbermittelte oder gespeicherte fremde Informationen dauerhaft zu \u00fcberwachen oder nach Umst\u00e4nden zu forschen, die auf eine rechtswidrige T\u00e4tigkeit hinweisen. Rechtliche Verpflichtungen zur Entfernung oder Sperrung der Nutzung von Informationen bleiben hiervon unber\u00fchrt. Eine diesbez\u00fcgliche Haftung ist jedoch erst ab dem Zeitpunkt der Kenntnis einer konkreten Rechtsverletzung m\u00f6glich. Bei Bekanntwerden von Rechtsverletzungen werden wir diese Inhalte umgehend entfernen.<\/div><div data-element_type=\"widget\" data-id=\"5287d10\" data-widget_type=\"text-editor.default\"><p data-start=\"245\" data-end=\"331\">Einige auf dieser Website verwendeten Bilder stammen von:<\/p><p data-start=\"333\" data-end=\"392\"><strong data-start=\"333\" data-end=\"367\">Hochschwarzwald Tourismus GmbH<\/strong><br data-start=\"367\" data-end=\"370\" \/><a href=\"http:\/\/www.hochschwarzwald.de\" target=\"_new\" rel=\"noopener\" data-start=\"370\" data-end=\"392\">www.hochschwarzwald.de<\/a><\/p><p data-start=\"394\" data-end=\"722\">Die Urheberrechte an diesem Bildmaterial liegen \u2013 sofern nicht anders angegeben \u2013 bei der <strong data-start=\"484\" data-end=\"518\">Hochschwarzwald Tourismus GmbH<\/strong> oder den jeweils benannten Fotograf:innen.<\/p><\/div><div data-element_type=\"widget\" data-id=\"5287d10\" data-widget_type=\"text-editor.default\">\u00a0<\/div><\/div><\/section><section data-element_type=\"section\" data-id=\"e49e402\"><div data-element_type=\"column\" data-id=\"a63861d\"><div data-element_type=\"widget\" data-id=\"4824ce1\" data-widget_type=\"heading.default\"><h3>Haftung f\u00fcr Links<\/h3><\/div><\/div><\/section><section data-element_type=\"section\" data-id=\"8edde50\"><div data-element_type=\"column\" data-id=\"26d2a3d\"><div data-element_type=\"widget\" data-id=\"6ad7b98\" data-widget_type=\"text-editor.default\">Unser Angebot enth\u00e4lt Links zu externen Webseiten Dritter. Auf die Inhalte dieser Webseiten haben wir keinen Einfluss, daher k\u00f6nnen wir f\u00fcr diese Inhalte auch keine Gew\u00e4hr \u00fcbernehmen. F\u00fcr die Inhalte der verlinkten Seiten ist stets der jeweilige Anbieter oder Betreiber der Seiten verantwortlich. Die verlinkten Seiten wurden zum Zeitpunkt der Verlinkung auf m\u00f6gliche Rechtsverst\u00f6\u00dfe \u00fcberpr\u00fcft. Rechtswidrige Inhalte waren zum Zeitpunkt der Verlinkung nicht erkennbar. Eine permanente inhaltliche Kontrolle der verlinkten Seiten ist jedoch ohne konkrete Anhaltspunkte einer Rechtsverletzung nicht zumutbar. Bei Bekanntwerden von Rechtsverletzungen werden wir derartige Links umgehend entfernen.<\/div><div data-element_type=\"widget\" data-id=\"6ad7b98\" data-widget_type=\"text-editor.default\">\u00a0<\/div><\/div><\/section><section data-element_type=\"section\" data-id=\"fb60cdb\"><div data-element_type=\"column\" data-id=\"6d830f3\"><div data-element_type=\"widget\" data-id=\"f7dd86c\" data-widget_type=\"heading.default\"><h3>Urheberrecht<\/h3><\/div><\/div><\/section><section data-element_type=\"section\" data-id=\"6671680\"><div data-element_type=\"column\" data-id=\"0697f6a\"><div data-element_type=\"widget\" data-id=\"96f7a9e\" data-widget_type=\"text-editor.default\">Die durch die Seitenbetreiber erstellten Inhalte und Werke auf diesen Seiten unterliegen dem deutschen Urheberrecht. Die Vervielf\u00e4ltigung, Bearbeitung, Verbreitung und jede Art der Verwertung au\u00dferhalb der Grenzen des Urheberrechtes bed\u00fcrfen der schriftlichen Zustimmung des jeweiligen Autors bzw. Erstellers. Downloads und Kopien dieser Seite sind nur f\u00fcr den privaten Gebrauch gestattet. Die kommerzielle Nutzung unserer Inhalte ohne Zustimmung des Urhebers ist untersagt. Soweit die Inhalte auf dieser Seite nicht vom Betreiber erstellt wurden, werden die Urheberrechte Dritter beachtet. Beitr\u00e4ge Dritter sind auf dieser Seite als solche gekennzeichnet. Sollten Sie trotzdem auf eine Urheberrechtsverletzung aufmerksam werden, bitten wir um einen entsprechenden Hinweis. Derartige Inhalte werden dann umgehend entfernt.<\/div><\/div><\/section>\t            <\/div>        <\/div>\t\t\t\t<\/div>\n\t\t\t\t<\/div>\n\t\t\t\t\t<\/div>\n\t\t<\/div>\n\t\t\t\t\t<\/div>\n\t\t<\/section>\n\t\t\t\t<\/div>\n\t\t","protected":false},"excerpt":{"rendered":"<p>Impressum Impressum Informationen gem\u00e4\u00df \u00a7 5 TMG Black Forest Hospitality GmbH Freiburgerstra\u00dfe 17DE-79853 HinterzartenVertreten durch:Dominik Tumminaro Registergericht: Amtsgericht Freiburg\u00a0Registernummer: HRB 702880\u00a0 Kontakt Telefon: +497652 2899313E-mail: freiburgerstrasse@kuckucksnester.de VAT ID Umsatzsteuer-Identifikationsnummer gem\u00e4\u00df \u00a7 27 a Umsatzsteuergesetz:DE262846766 EU-Streitschlichtung Die Europ\u00e4ische Kommission bietet eine Plattform f\u00fcr die Online-Streitbeilegung (ODR):\u00a0https:\/\/ec.europa.eu\/consumers\/odr.Unsere E-Mail-Adresse finden Sie oben in der Website-Bekanntmachung.Wir sind nicht bereit &#8230;<\/p>\n","protected":false},"author":1,"featured_media":0,"parent":0,"menu_order":0,"comment_status":"closed","ping_status":"closed","template":"template-wide-content.php","meta":{"_monsterinsights_skip_tracking":false,"_monsterinsights_sitenote_active":false,"_monsterinsights_sitenote_note":"","_monsterinsights_sitenote_category":0,"cozystay_single_page_hide_site_header":"","cozystay_single_page_site_header_source":"","cozystay_single_page_custom_site_header":"0","cozystay_single_page_custom_sticky_site_header":"0","cozystay_single_page_hide_page_title":"on","cozystay_single_page_header_section_size":"","cozystay_single_page_header_background_color":"","cozystay_single_page_header_background_position_x":"center","cozystay_single_page_header_background_position_y":"center","cozystay_single_page_header_background_size":"cover","cozystay_single_page_header_background_repeat":"off","cozystay_single_page_header_background_scroll":"on","cozystay_single_page_header_text_color":"","cozystay_single_page_header_show_breadcrumb":"","cozystay_single_page_site_footer_hide_main":"","cozystay_single_custom_site_footer_main_source":"","cozystay_single_custom_site_footer_main":"0","cozystay_single_page_site_footer_hide_above":"","cozystay_single_custom_site_footer_above_source":"","cozystay_single_custom_site_footer_above":"0","cozystay_single_page_site_footer_hide_instagram":"","cozystay_single_page_site_footer_hide_bottom":"","cozystay_single_custom_mobile_menu_source":"","cozystay_single_custom_mobile_menu":"0","cozystay_single_custom_mobile_menu_animation":"","cozystay_single_custom_mobile_menu_width":"","cozystay_single_custom_mobile_menu_custom_width":375,"footnotes":""},"class_list":["post-254","page","type-page","status-publish","hentry"],"yoast_head":"<!-- This site is optimized with the Yoast SEO plugin v26.6 - https:\/\/yoast.com\/wordpress\/plugins\/seo\/ -->\n<title>Impressum - Kuckucksnester<\/title>\n<meta name=\"description\" content=\"Kuckucksnester\" \/>\n<meta name=\"robots\" content=\"index, follow, max-snippet:-1, max-image-preview:large, max-video-preview:-1\" \/>\n<link rel=\"canonical\" href=\"https:\/\/kuckucksnester.de\/index.php\/impressum\/\" \/>\n<meta property=\"og:locale\" content=\"de_DE\" \/>\n<meta property=\"og:type\" content=\"article\" \/>\n<meta property=\"og:title\" content=\"Impressum - Kuckucksnester\" \/>\n<meta property=\"og:description\" content=\"Kuckucksnester\" \/>\n<meta property=\"og:url\" content=\"https:\/\/kuckucksnester.de\/index.php\/impressum\/\" \/>\n<meta property=\"og:site_name\" content=\"Kuckucksnester\" \/>\n<meta property=\"article:modified_time\" content=\"2026-04-29T14:03:10+00:00\" \/>\n<meta name=\"twitter:card\" content=\"summary_large_image\" \/>\n<meta name=\"twitter:label1\" content=\"Gesch\u00e4tzte Lesezeit\" \/>\n\t<meta name=\"twitter:data1\" content=\"3\u00a0Minuten\" \/>\n<script type=\"application\/ld+json\" class=\"yoast-schema-graph\">{\"@context\":\"https:\/\/schema.org\",\"@graph\":[{\"@type\":\"WebPage\",\"@id\":\"https:\/\/kuckucksnester.de\/index.php\/impressum\/\",\"url\":\"https:\/\/kuckucksnester.de\/index.php\/impressum\/\",\"name\":\"Impressum - Kuckucksnester\",\"isPartOf\":{\"@id\":\"https:\/\/kuckucksnester.de\/#website\"},\"datePublished\":\"2023-03-28T04:39:15+00:00\",\"dateModified\":\"2026-04-29T14:03:10+00:00\",\"description\":\"Kuckucksnester\",\"breadcrumb\":{\"@id\":\"https:\/\/kuckucksnester.de\/index.php\/impressum\/#breadcrumb\"},\"inLanguage\":\"de\",\"potentialAction\":[{\"@type\":\"ReadAction\",\"target\":[\"https:\/\/kuckucksnester.de\/index.php\/impressum\/\"]}]},{\"@type\":\"BreadcrumbList\",\"@id\":\"https:\/\/kuckucksnester.de\/index.php\/impressum\/#breadcrumb\",\"itemListElement\":[{\"@type\":\"ListItem\",\"position\":1,\"name\":\"Willkommen\",\"item\":\"https:\/\/kuckucksnester.de\/\"},{\"@type\":\"ListItem\",\"position\":2,\"name\":\"Impressum\"}]},{\"@type\":\"WebSite\",\"@id\":\"https:\/\/kuckucksnester.de\/#website\",\"url\":\"https:\/\/kuckucksnester.de\/\",\"name\":\"Kuckucksnester\",\"description\":\"\",\"publisher\":{\"@id\":\"https:\/\/kuckucksnester.de\/#organization\"},\"alternateName\":\"Kuckucksnester\",\"potentialAction\":[{\"@type\":\"SearchAction\",\"target\":{\"@type\":\"EntryPoint\",\"urlTemplate\":\"https:\/\/kuckucksnester.de\/?s={search_term_string}\"},\"query-input\":{\"@type\":\"PropertyValueSpecification\",\"valueRequired\":true,\"valueName\":\"search_term_string\"}}],\"inLanguage\":\"de\"},{\"@type\":\"Organization\",\"@id\":\"https:\/\/kuckucksnester.de\/#organization\",\"name\":\"Kuckucksnester\",\"alternateName\":\"Kuckucksnester\",\"url\":\"https:\/\/kuckucksnester.de\/\",\"logo\":{\"@type\":\"ImageObject\",\"inLanguage\":\"de\",\"@id\":\"https:\/\/kuckucksnester.de\/#\/schema\/logo\/image\/\",\"url\":\"https:\/\/kuckucksnester.de\/wp-content\/uploads\/2025\/06\/cropped-logo-kuckuck.png\",\"contentUrl\":\"https:\/\/kuckucksnester.de\/wp-content\/uploads\/2025\/06\/cropped-logo-kuckuck.png\",\"width\":145,\"height\":145,\"caption\":\"Kuckucksnester\"},\"image\":{\"@id\":\"https:\/\/kuckucksnester.de\/#\/schema\/logo\/image\/\"}}]}<\/script>\n<!-- \/ Yoast SEO plugin. -->","yoast_head_json":{"title":"Impressum - Kuckucksnester","description":"Kuckucksnester","robots":{"index":"index","follow":"follow","max-snippet":"max-snippet:-1","max-image-preview":"max-image-preview:large","max-video-preview":"max-video-preview:-1"},"canonical":"https:\/\/kuckucksnester.de\/index.php\/impressum\/","og_locale":"de_DE","og_type":"article","og_title":"Impressum - Kuckucksnester","og_description":"Kuckucksnester","og_url":"https:\/\/kuckucksnester.de\/index.php\/impressum\/","og_site_name":"Kuckucksnester","article_modified_time":"2026-04-29T14:03:10+00:00","twitter_card":"summary_large_image","twitter_misc":{"Gesch\u00e4tzte Lesezeit":"3\u00a0Minuten"},"schema":{"@context":"https:\/\/schema.org","@graph":[{"@type":"WebPage","@id":"https:\/\/kuckucksnester.de\/index.php\/impressum\/","url":"https:\/\/kuckucksnester.de\/index.php\/impressum\/","name":"Impressum - Kuckucksnester","isPartOf":{"@id":"https:\/\/kuckucksnester.de\/#website"},"datePublished":"2023-03-28T04:39:15+00:00","dateModified":"2026-04-29T14:03:10+00:00","description":"Kuckucksnester","breadcrumb":{"@id":"https:\/\/kuckucksnester.de\/index.php\/impressum\/#breadcrumb"},"inLanguage":"de","potentialAction":[{"@type":"ReadAction","target":["https:\/\/kuckucksnester.de\/index.php\/impressum\/"]}]},{"@type":"BreadcrumbList","@id":"https:\/\/kuckucksnester.de\/index.php\/impressum\/#breadcrumb","itemListElement":[{"@type":"ListItem","position":1,"name":"Willkommen","item":"https:\/\/kuckucksnester.de\/"},{"@type":"ListItem","position":2,"name":"Impressum"}]},{"@type":"WebSite","@id":"https:\/\/kuckucksnester.de\/#website","url":"https:\/\/kuckucksnester.de\/","name":"Kuckucksnester","description":"","publisher":{"@id":"https:\/\/kuckucksnester.de\/#organization"},"alternateName":"Kuckucksnester","potentialAction":[{"@type":"SearchAction","target":{"@type":"EntryPoint","urlTemplate":"https:\/\/kuckucksnester.de\/?s={search_term_string}"},"query-input":{"@type":"PropertyValueSpecification","valueRequired":true,"valueName":"search_term_string"}}],"inLanguage":"de"},{"@type":"Organization","@id":"https:\/\/kuckucksnester.de\/#organization","name":"Kuckucksnester","alternateName":"Kuckucksnester","url":"https:\/\/kuckucksnester.de\/","logo":{"@type":"ImageObject","inLanguage":"de","@id":"https:\/\/kuckucksnester.de\/#\/schema\/logo\/image\/","url":"https:\/\/kuckucksnester.de\/wp-content\/uploads\/2025\/06\/cropped-logo-kuckuck.png","contentUrl":"https:\/\/kuckucksnester.de\/wp-content\/uploads\/2025\/06\/cropped-logo-kuckuck.png","width":145,"height":145,"caption":"Kuckucksnester"},"image":{"@id":"https:\/\/kuckucksnester.de\/#\/schema\/logo\/image\/"}}]}},"_links":{"self":[{"href":"https:\/\/kuckucksnester.de\/index.php\/wp-json\/wp\/v2\/pages\/254","targetHints":{"allow":["GET"]}}],"collection":[{"href":"https:\/\/kuckucksnester.de\/index.php\/wp-json\/wp\/v2\/pages"}],"about":[{"href":"https:\/\/kuckucksnester.de\/index.php\/wp-json\/wp\/v2\/types\/page"}],"author":[{"embeddable":true,"href":"https:\/\/kuckucksnester.de\/index.php\/wp-json\/wp\/v2\/users\/1"}],"replies":[{"embeddable":true,"href":"https:\/\/kuckucksnester.de\/index.php\/wp-json\/wp\/v2\/comments?post=254"}],"version-history":[{"count":42,"href":"https:\/\/kuckucksnester.de\/index.php\/wp-json\/wp\/v2\/pages\/254\/revisions"}],"predecessor-version":[{"id":2614,"href":"https:\/\/kuckucksnester.de\/index.php\/wp-json\/wp\/v2\/pages\/254\/revisions\/2614"}],"wp:attachment":[{"href":"https:\/\/kuckucksnester.de\/index.php\/wp-json\/wp\/v2\/media?parent=254"}],"curies":[{"name":"wp","href":"https:\/\/api.w.org\/{rel}","templated":true}]}}